{"id":13773,"date":"2026-04-10T02:17:50","date_gmt":"2026-04-10T02:17:50","guid":{"rendered":"https:\/\/retailnetwork.shop\/?post_type=product&#038;p=13773"},"modified":"2026-04-10T02:22:20","modified_gmt":"2026-04-10T02:22:20","slug":"dubai-chocolate-by-sweeland","status":"publish","type":"product","link":"https:\/\/retailnetwork.shop\/es\/producto\/dubai-chocolate-by-sweeland\/","title":{"rendered":"CHOCOLATE DE DUBAI BY SWEELAND"},"content":{"rendered":"<div data-elementor-type=\"product-post\" data-elementor-id=\"13773\" class=\"elementor elementor-13773\" data-elementor-post-type=\"product\">\n\t\t\t\t<div class=\"elementor-element elementor-element-4dfca8c0 e-flex e-con-boxed e-con e-parent\" data-id=\"4dfca8c0\" data-element_type=\"container\" data-settings=\"{&quot;ekit_has_onepagescroll_dot&quot;:&quot;yes&quot;}\">\n\t\t\t\t\t<div class=\"e-con-inner\">\n\t\t<div class=\"elementor-element elementor-element-7286c243 e-grid e-con-full e-con e-child\" data-id=\"7286c243\" data-element_type=\"container\" data-settings=\"{&quot;ekit_has_onepagescroll_dot&quot;:&quot;yes&quot;}\">\n\t\t\t\t<div class=\"elementor-element elementor-element-30b0b6f3 elementor-widget elementor-widget-video\" data-id=\"30b0b6f3\" data-element_type=\"widget\" data-settings=\"{&quot;video_type&quot;:&quot;hosted&quot;,&quot;controls&quot;:&quot;yes&quot;,&quot;ekit_we_effect_on&quot;:&quot;none&quot;}\" data-widget_type=\"video.default\">\n\t\t\t\t<div class=\"elementor-widget-container\">\n\t\t\t\t\t\t\t<div class=\"e-hosted-video elementor-wrapper elementor-open-inline\">\n\t\t\t\t\t<video class=\"elementor-video\" src=\"https:\/\/retailnetwork.shop\/wp-content\/uploads\/2026\/04\/video_2026-04-09_10-18-40.mp4\" controls=\"\" preload=\"metadata\" controlslist=\"nodownload\"><\/video>\n\t\t\t\t<\/div>\n\t\t\t\t\t\t<\/div>\n\t\t\t\t<\/div>\n\t\t\t\t<div class=\"elementor-element elementor-element-6bf0a6fa elementor-widget elementor-widget-text-editor\" data-id=\"6bf0a6fa\" data-element_type=\"widget\" data-settings=\"{&quot;ekit_we_effect_on&quot;:&quot;none&quot;}\" data-widget_type=\"text-editor.default\">\n\t\t\t\t<div class=\"elementor-widget-container\">\n\t\t\t\t\t\t\t\t\t<div class=\"elementor-widget-container\">\n\t\t\t\t\t\t\t\t\t# Detalles del art\u00edculo\n\n<div class=\"product-table\">\n  <div class=\"product-row\">\n    <div class=\"product-label\"><strong>Formulario<\/strong><\/div>\n    <div class=\"product-value\"><strong>Bar<\/strong><\/div>\n  <\/div>\n  <div class=\"product-row\">\n    <div class=\"product-label\"><strong>Sabor<\/strong><\/div>\n    <div class=\"product-value\"><strong>Pistacho<\/strong><\/div>\n  <\/div>\n  <div class=\"product-row\">\n    <div class=\"product-label\"><strong>Tipo de paquete Nombre<\/strong><\/div>\n    <div class=\"product-value\"><strong>Envuelto individualmente<\/strong><\/div>\n  <\/div>\n  <div class=\"product-row\">\n    <div class=\"product-label\"><strong>Temperatura de fusi\u00f3n (grados Celsius)<\/strong><\/div>\n    <div class=\"product-value\"><strong>25 grados cent\u00edgrados<\/strong><\/div>\n  <\/div>\n  <div class=\"product-row\">\n    <div class=\"product-label\"><strong>Forma del art\u00edculo<\/strong><\/div>\n    <div class=\"product-value\"><strong>Rectangular<\/strong><\/div>\n  <\/div>\n  <div class=\"product-row\">\n    <div class=\"product-label\"><strong>Variedad<\/strong><\/div>\n    <div class=\"product-value\"><strong>Pistacho<\/strong><\/div>\n  <\/div>\n  <div class=\"product-row\">\n    <div class=\"product-label\"><strong>Rango de edad Descripci\u00f3n<\/strong><\/div>\n    <div class=\"product-value\"><strong>Todas las edades<\/strong><\/div>\n  <\/div>\n<\/div>\n\n<style>\n.product-table {\n  width: 100%;\n  border-top: 1px solid #000;\n  font-family: Arial, sans-serif;\n}\n\n.product-row {\n  display: flex;\n  border-bottom: 1px solid #000;\n  padding: 12px 0;\n}\n\n.product-label {\n  flex: 1;\n  font-weight: bold;\n  min-width: 200px;\n  padding-right: 20px;\n}\n\n.product-value {\n  flex: 1;\n  min-width: 200px;\n}\n<\/style>\n<\/div>\t\t\t\t\t\t\t\t<\/div>\n\t\t\t\t<\/div>\n\t\t\t\t<\/div>\n\t\t\t\t\t<\/div>\n\t\t\t\t<\/div>\n\t\t<div class=\"elementor-element elementor-element-3a208cd6 e-flex e-con-boxed e-con e-parent\" data-id=\"3a208cd6\" data-element_type=\"container\" data-settings=\"{&quot;ekit_has_onepagescroll_dot&quot;:&quot;yes&quot;}\">\n\t\t\t\t\t<div class=\"e-con-inner\">\n\t\t\t\t<div class=\"elementor-element elementor-element-35dadbae elementor-widget elementor-widget-image\" data-id=\"35dadbae\" data-element_type=\"widget\" data-settings=\"{&quot;ekit_we_effect_on&quot;:&quot;none&quot;}\" data-widget_type=\"image.default\">\n\t\t\t\t<div class=\"elementor-widget-container\">\n\t\t\t\t\t\t\t\t\t\t\t\t\t\t\t<img loading=\"lazy\" decoding=\"async\" width=\"1500\" height=\"1500\" src=\"https:\/\/retailnetwork.shop\/wp-content\/uploads\/2026\/04\/718vYiBR2kL._SL1500_.jpg\" class=\"attachment-full size-full wp-image-13784 wvs-archive-product-image\" alt=\"\" srcset=\"https:\/\/retailnetwork.shop\/wp-content\/uploads\/2026\/04\/718vYiBR2kL._SL1500_.jpg 1500w, https:\/\/retailnetwork.shop\/wp-content\/uploads\/2026\/04\/718vYiBR2kL._SL1500_-300x300.jpg 300w, https:\/\/retailnetwork.shop\/wp-content\/uploads\/2026\/04\/718vYiBR2kL._SL1500_-1024x1024.jpg 1024w, https:\/\/retailnetwork.shop\/wp-content\/uploads\/2026\/04\/718vYiBR2kL._SL1500_-150x150.jpg 150w, https:\/\/retailnetwork.shop\/wp-content\/uploads\/2026\/04\/718vYiBR2kL._SL1500_-768x768.jpg 768w, https:\/\/retailnetwork.shop\/wp-content\/uploads\/2026\/04\/718vYiBR2kL._SL1500_-12x12.jpg 12w, https:\/\/retailnetwork.shop\/wp-content\/uploads\/2026\/04\/718vYiBR2kL._SL1500_-600x600.jpg 600w, https:\/\/retailnetwork.shop\/wp-content\/uploads\/2026\/04\/718vYiBR2kL._SL1500_-100x100.jpg 100w, https:\/\/retailnetwork.shop\/wp-content\/uploads\/2026\/04\/718vYiBR2kL._SL1500_-50x50.jpg 50w, https:\/\/retailnetwork.shop\/wp-content\/uploads\/2026\/04\/718vYiBR2kL._SL1500_-1x1.jpg 1w, https:\/\/retailnetwork.shop\/wp-content\/uploads\/2026\/04\/718vYiBR2kL._SL1500_-10x10.jpg 10w\" sizes=\"auto, (max-width: 1500px) 100vw, 1500px\" \/>\t\t\t\t\t\t\t\t\t\t\t\t\t\t\t<\/div>\n\t\t\t\t<\/div>\n\t\t\t\t<div class=\"elementor-element elementor-element-6304d33e elementor-widget elementor-widget-image\" data-id=\"6304d33e\" data-element_type=\"widget\" data-settings=\"{&quot;ekit_we_effect_on&quot;:&quot;none&quot;}\" data-widget_type=\"image.default\">\n\t\t\t\t<div class=\"elementor-widget-container\">\n\t\t\t\t\t\t\t\t\t\t\t\t\t\t\t<img loading=\"lazy\" decoding=\"async\" width=\"970\" height=\"300\" src=\"https:\/\/retailnetwork.shop\/wp-content\/uploads\/2026\/04\/51609e54-def1-468c-9374-bbb491096590.__CR001940600_PT0_SX970_V1___.jpg\" class=\"attachment-full size-full wp-image-13785 wvs-archive-product-image\" alt=\"\" srcset=\"https:\/\/retailnetwork.shop\/wp-content\/uploads\/2026\/04\/51609e54-def1-468c-9374-bbb491096590.__CR001940600_PT0_SX970_V1___.jpg 970w, https:\/\/retailnetwork.shop\/wp-content\/uploads\/2026\/04\/51609e54-def1-468c-9374-bbb491096590.__CR001940600_PT0_SX970_V1___-300x93.jpg 300w, https:\/\/retailnetwork.shop\/wp-content\/uploads\/2026\/04\/51609e54-def1-468c-9374-bbb491096590.__CR001940600_PT0_SX970_V1___-768x238.jpg 768w, https:\/\/retailnetwork.shop\/wp-content\/uploads\/2026\/04\/51609e54-def1-468c-9374-bbb491096590.__CR001940600_PT0_SX970_V1___-18x6.jpg 18w, https:\/\/retailnetwork.shop\/wp-content\/uploads\/2026\/04\/51609e54-def1-468c-9374-bbb491096590.__CR001940600_PT0_SX970_V1___-600x186.jpg 600w, https:\/\/retailnetwork.shop\/wp-content\/uploads\/2026\/04\/51609e54-def1-468c-9374-bbb491096590.__CR001940600_PT0_SX970_V1___-1x1.jpg 1w, https:\/\/retailnetwork.shop\/wp-content\/uploads\/2026\/04\/51609e54-def1-468c-9374-bbb491096590.__CR001940600_PT0_SX970_V1___-10x3.jpg 10w\" sizes=\"auto, (max-width: 970px) 100vw, 970px\" \/>\t\t\t\t\t\t\t\t\t\t\t\t\t\t\t<\/div>\n\t\t\t\t<\/div>\n\t\t\t\t\t<\/div>\n\t\t\t\t<\/div>\n\t\t<div class=\"elementor-element elementor-element-3d414a6e e-flex e-con-boxed e-con e-parent\" data-id=\"3d414a6e\" data-element_type=\"container\" data-settings=\"{&quot;ekit_has_onepagescroll_dot&quot;:&quot;yes&quot;}\">\n\t\t\t\t\t<div class=\"e-con-inner\">\n\t\t<div class=\"elementor-element elementor-element-1a15a74b e-grid e-con-full e-con e-child\" data-id=\"1a15a74b\" data-element_type=\"container\" data-settings=\"{&quot;ekit_has_onepagescroll_dot&quot;:&quot;yes&quot;}\">\n\t\t\t\t<div class=\"elementor-element elementor-element-2ef91a55 elementor-position-top elementor-widget elementor-widget-image-box\" data-id=\"2ef91a55\" data-element_type=\"widget\" data-settings=\"{&quot;ekit_we_effect_on&quot;:&quot;none&quot;}\" data-widget_type=\"image-box.default\">\n\t\t\t\t<div class=\"elementor-widget-container\">\n\t\t\t\t\t<div class=\"elementor-image-box-wrapper\"><figure class=\"elementor-image-box-img\"><img loading=\"lazy\" decoding=\"async\" width=\"1500\" height=\"1500\" src=\"https:\/\/retailnetwork.shop\/wp-content\/uploads\/2026\/04\/7164ubHdqtL._SL1500_.jpg\" class=\"attachment-full size-full wp-image-13786 wvs-archive-product-image\" alt=\"\" srcset=\"https:\/\/retailnetwork.shop\/wp-content\/uploads\/2026\/04\/7164ubHdqtL._SL1500_.jpg 1500w, https:\/\/retailnetwork.shop\/wp-content\/uploads\/2026\/04\/7164ubHdqtL._SL1500_-300x300.jpg 300w, https:\/\/retailnetwork.shop\/wp-content\/uploads\/2026\/04\/7164ubHdqtL._SL1500_-1024x1024.jpg 1024w, https:\/\/retailnetwork.shop\/wp-content\/uploads\/2026\/04\/7164ubHdqtL._SL1500_-150x150.jpg 150w, https:\/\/retailnetwork.shop\/wp-content\/uploads\/2026\/04\/7164ubHdqtL._SL1500_-768x768.jpg 768w, https:\/\/retailnetwork.shop\/wp-content\/uploads\/2026\/04\/7164ubHdqtL._SL1500_-12x12.jpg 12w, https:\/\/retailnetwork.shop\/wp-content\/uploads\/2026\/04\/7164ubHdqtL._SL1500_-600x600.jpg 600w, https:\/\/retailnetwork.shop\/wp-content\/uploads\/2026\/04\/7164ubHdqtL._SL1500_-100x100.jpg 100w, https:\/\/retailnetwork.shop\/wp-content\/uploads\/2026\/04\/7164ubHdqtL._SL1500_-50x50.jpg 50w, https:\/\/retailnetwork.shop\/wp-content\/uploads\/2026\/04\/7164ubHdqtL._SL1500_-1x1.jpg 1w, https:\/\/retailnetwork.shop\/wp-content\/uploads\/2026\/04\/7164ubHdqtL._SL1500_-10x10.jpg 10w\" sizes=\"auto, (max-width: 1500px) 100vw, 1500px\" \/><\/figure><div class=\"elementor-image-box-content\"><h3 class=\"elementor-image-box-title\">El Tr\u00edo Perfecto: Crujiente, Cremoso e Intenso<\/h3><p class=\"elementor-image-box-description\">Lo que hace \u00fanico al Chocolate de Dub\u00e1i es su revolucionaria estructura interna. Olv\u00eddate de las texturas planas del chocolate convencional. Este es un festival para tu paladar:El Crujido Inconfundible : En su interior esconde Kataifi, una masa filo triturada t\u00edpica de la reposter\u00eda de Oriente Medio (como el Knafeh). Tostada a la perfecci\u00f3n, ofrece un \"crocante\" que los fans describen como \"\u00e1ngeles cantando en tu boca\"<\/p><\/div><\/div>\t\t\t\t<\/div>\n\t\t\t\t<\/div>\n\t\t\t\t<div class=\"elementor-element elementor-element-6a178412 elementor-position-top elementor-widget elementor-widget-image-box\" data-id=\"6a178412\" data-element_type=\"widget\" data-settings=\"{&quot;ekit_we_effect_on&quot;:&quot;none&quot;}\" data-widget_type=\"image-box.default\">\n\t\t\t\t<div class=\"elementor-widget-container\">\n\t\t\t\t\t<div class=\"elementor-image-box-wrapper\"><figure class=\"elementor-image-box-img\"><img loading=\"lazy\" decoding=\"async\" width=\"960\" height=\"960\" src=\"https:\/\/retailnetwork.shop\/wp-content\/uploads\/2026\/04\/511HRm4U05L.jpg\" class=\"attachment-full size-full wp-image-13787 wvs-archive-product-image\" alt=\"\" srcset=\"https:\/\/retailnetwork.shop\/wp-content\/uploads\/2026\/04\/511HRm4U05L.jpg 960w, https:\/\/retailnetwork.shop\/wp-content\/uploads\/2026\/04\/511HRm4U05L-300x300.jpg 300w, https:\/\/retailnetwork.shop\/wp-content\/uploads\/2026\/04\/511HRm4U05L-150x150.jpg 150w, https:\/\/retailnetwork.shop\/wp-content\/uploads\/2026\/04\/511HRm4U05L-768x768.jpg 768w, https:\/\/retailnetwork.shop\/wp-content\/uploads\/2026\/04\/511HRm4U05L-12x12.jpg 12w, https:\/\/retailnetwork.shop\/wp-content\/uploads\/2026\/04\/511HRm4U05L-600x600.jpg 600w, https:\/\/retailnetwork.shop\/wp-content\/uploads\/2026\/04\/511HRm4U05L-100x100.jpg 100w, https:\/\/retailnetwork.shop\/wp-content\/uploads\/2026\/04\/511HRm4U05L-50x50.jpg 50w, https:\/\/retailnetwork.shop\/wp-content\/uploads\/2026\/04\/511HRm4U05L-1x1.jpg 1w, https:\/\/retailnetwork.shop\/wp-content\/uploads\/2026\/04\/511HRm4U05L-10x10.jpg 10w\" sizes=\"auto, (max-width: 960px) 100vw, 960px\" \/><\/figure><div class=\"elementor-image-box-content\"><h3 class=\"elementor-image-box-title\">De Dubai para el Mundo: El Origen de la Locura<\/h3><p class=\"elementor-image-box-description\">Esta maravilla naci\u00f3 en 2021 de la mano de Sarah Hamouda, fundadora de Fix Dessert Chocolatier en Dub\u00e1i. Lo que empez\u00f3 como un antojo de embarazo se convirti\u00f3, gracias a un v\u00eddeo viral en 2023, en el fen\u00f3meno global que es hoy. Grandes cadenas como Waitrose o Lidl en Reino Unido, e incluso marcas de lujo como Lady M, han lanzado sus propias versiones, \u00a1y todas se agotan en cuesti\u00f3n de horas!<\/p><\/div><\/div>\t\t\t\t<\/div>\n\t\t\t\t<\/div>\n\t\t\t\t<div class=\"elementor-element elementor-element-5c8a4f3b elementor-position-top elementor-widget elementor-widget-image-box\" data-id=\"5c8a4f3b\" data-element_type=\"widget\" data-settings=\"{&quot;ekit_we_effect_on&quot;:&quot;none&quot;}\" data-widget_type=\"image-box.default\">\n\t\t\t\t<div class=\"elementor-widget-container\">\n\t\t\t\t\t<div class=\"elementor-image-box-wrapper\"><figure class=\"elementor-image-box-img\"><img loading=\"lazy\" decoding=\"async\" width=\"1445\" height=\"1445\" src=\"https:\/\/retailnetwork.shop\/wp-content\/uploads\/2026\/04\/51K25pgEa5L._SL1445_-1.jpg\" class=\"attachment-full size-full wp-image-13788 wvs-archive-product-image\" alt=\"\" srcset=\"https:\/\/retailnetwork.shop\/wp-content\/uploads\/2026\/04\/51K25pgEa5L._SL1445_-1.jpg 1445w, https:\/\/retailnetwork.shop\/wp-content\/uploads\/2026\/04\/51K25pgEa5L._SL1445_-1-300x300.jpg 300w, https:\/\/retailnetwork.shop\/wp-content\/uploads\/2026\/04\/51K25pgEa5L._SL1445_-1-1024x1024.jpg 1024w, https:\/\/retailnetwork.shop\/wp-content\/uploads\/2026\/04\/51K25pgEa5L._SL1445_-1-150x150.jpg 150w, https:\/\/retailnetwork.shop\/wp-content\/uploads\/2026\/04\/51K25pgEa5L._SL1445_-1-768x768.jpg 768w, https:\/\/retailnetwork.shop\/wp-content\/uploads\/2026\/04\/51K25pgEa5L._SL1445_-1-12x12.jpg 12w, https:\/\/retailnetwork.shop\/wp-content\/uploads\/2026\/04\/51K25pgEa5L._SL1445_-1-600x600.jpg 600w, https:\/\/retailnetwork.shop\/wp-content\/uploads\/2026\/04\/51K25pgEa5L._SL1445_-1-100x100.jpg 100w, https:\/\/retailnetwork.shop\/wp-content\/uploads\/2026\/04\/51K25pgEa5L._SL1445_-1-50x50.jpg 50w, https:\/\/retailnetwork.shop\/wp-content\/uploads\/2026\/04\/51K25pgEa5L._SL1445_-1-1x1.jpg 1w, https:\/\/retailnetwork.shop\/wp-content\/uploads\/2026\/04\/51K25pgEa5L._SL1445_-1-10x10.jpg 10w\" sizes=\"auto, (max-width: 1445px) 100vw, 1445px\" \/><\/figure><div class=\"elementor-image-box-content\"><h3 class=\"elementor-image-box-title\">El Regalo Perfecto para los Amantes del Brunch<\/h3><p class=\"elementor-image-box-description\">\u00bfBuscas un detalle diferente? El Chocolate de Dub\u00e1i es ideal para sorprender en una merienda, un brunch o simplemente para darte un capricho. Su est\u00e9tica elegante y su interior de color pistacho lo hacen irresistible para las fotos y para compartir en redes sociales. Es el \"boom\" visual que todo influencer busca.<\/p><\/div><\/div>\t\t\t\t<\/div>\n\t\t\t\t<\/div>\n\t\t\t\t<\/div>\n\t\t\t\t\t<\/div>\n\t\t\t\t<\/div>\n\t\t<div class=\"elementor-element elementor-element-1c9f40aa e-flex e-con-boxed e-con e-parent\" data-id=\"1c9f40aa\" data-element_type=\"container\" data-settings=\"{&quot;ekit_has_onepagescroll_dot&quot;:&quot;yes&quot;}\">\n\t\t\t\t\t<div class=\"e-con-inner\">\n\t\t\t\t<div class=\"elementor-element elementor-element-17ba8cb6 elementor-widget elementor-widget-image\" data-id=\"17ba8cb6\" data-element_type=\"widget\" data-settings=\"{&quot;ekit_we_effect_on&quot;:&quot;none&quot;}\" data-widget_type=\"image.default\">\n\t\t\t\t<div class=\"elementor-widget-container\">\n\t\t\t\t\t\t\t\t\t\t\t\t\t\t\t<img loading=\"lazy\" decoding=\"async\" width=\"970\" height=\"300\" src=\"https:\/\/retailnetwork.shop\/wp-content\/uploads\/2026\/04\/efc955b2-b9a9-4512-872d-098ccd74292b.__CR001940600_PT0_SX970_V1___.jpg\" class=\"attachment-full size-full wp-image-13789 wvs-archive-product-image\" alt=\"\" srcset=\"https:\/\/retailnetwork.shop\/wp-content\/uploads\/2026\/04\/efc955b2-b9a9-4512-872d-098ccd74292b.__CR001940600_PT0_SX970_V1___.jpg 970w, https:\/\/retailnetwork.shop\/wp-content\/uploads\/2026\/04\/efc955b2-b9a9-4512-872d-098ccd74292b.__CR001940600_PT0_SX970_V1___-300x93.jpg 300w, https:\/\/retailnetwork.shop\/wp-content\/uploads\/2026\/04\/efc955b2-b9a9-4512-872d-098ccd74292b.__CR001940600_PT0_SX970_V1___-768x238.jpg 768w, https:\/\/retailnetwork.shop\/wp-content\/uploads\/2026\/04\/efc955b2-b9a9-4512-872d-098ccd74292b.__CR001940600_PT0_SX970_V1___-18x6.jpg 18w, https:\/\/retailnetwork.shop\/wp-content\/uploads\/2026\/04\/efc955b2-b9a9-4512-872d-098ccd74292b.__CR001940600_PT0_SX970_V1___-600x186.jpg 600w, https:\/\/retailnetwork.shop\/wp-content\/uploads\/2026\/04\/efc955b2-b9a9-4512-872d-098ccd74292b.__CR001940600_PT0_SX970_V1___-1x1.jpg 1w, https:\/\/retailnetwork.shop\/wp-content\/uploads\/2026\/04\/efc955b2-b9a9-4512-872d-098ccd74292b.__CR001940600_PT0_SX970_V1___-10x3.jpg 10w\" sizes=\"auto, (max-width: 970px) 100vw, 970px\" \/>\t\t\t\t\t\t\t\t\t\t\t\t\t\t\t<\/div>\n\t\t\t\t<\/div>\n\t\t\t\t<div class=\"elementor-element elementor-element-182523f4 elementor-widget elementor-widget-heading\" data-id=\"182523f4\" data-element_type=\"widget\" data-settings=\"{&quot;ekit_we_effect_on&quot;:&quot;none&quot;}\" data-widget_type=\"heading.default\">\n\t\t\t\t<div class=\"elementor-widget-container\">\n\t\t\t\t\t<h2 class=\"elementor-heading-title elementor-size-default\">Advertencia: \u00a1Altamente Adictivo! <\/h2>\t\t\t\t<\/div>\n\t\t\t\t<\/div>\n\t\t\t\t<div class=\"elementor-element elementor-element-6f99a482 elementor-widget elementor-widget-text-editor\" data-id=\"6f99a482\" data-element_type=\"widget\" data-settings=\"{&quot;ekit_we_effect_on&quot;:&quot;none&quot;}\" data-widget_type=\"text-editor.default\">\n\t\t\t\t<div class=\"elementor-widget-container\">\n\t\t\t\t\t\t\t\t\t<p>Una vez que pruebes la combinaci\u00f3n de la corteza crujiente de chocolate, la crema aterciopelada de pistacho y el \u201ccrocante\u201d del Kataifi, no podr\u00e1s parar. Es el capricho dulce que est\u00e1 marcando tendencia en 2026.<\/p>\t\t\t\t\t\t\t\t<\/div>\n\t\t\t\t<\/div>\n\t\t\t\t\t<\/div>\n\t\t\t\t<\/div>\n\t\t\t\t<\/div>","protected":false},"excerpt":{"rendered":"<h2 class=\"a-size-base-plus a-text-bold\">Acerca de este art\u00edculo<\/h2>\n<div class=\"a-expander-collapsed-height a-row a-expander-container a-expander-partial-collapse-container\" data-a-expander-collapsed-height=\"300\">\n<div class=\"a-expander-content a-expander-partial-collapse-content\" data-expanded=\"false\">\n<ul class=\"a-unordered-list a-vertical a-spacing-mini\">\n<li class=\"a-spacing-mini\"><span class=\"a-list-item\">Sabor Dubai: Saboree el rico y lujoso sabor del aut\u00e9ntico chocolate de Dubai, elaborado para ofrecerle una experiencia \u00fanica y placentera.<\/span><\/li>\n<li class=\"a-spacing-mini\"><span class=\"a-list-item\">Chocolate con leche: Disfrute de la textura suave y cremosa del chocolate con leche de alta calidad, cuidadosamente seleccionado por su rico sabor y acabado aterciopelado.<\/span><\/li>\n<\/ul>\n<\/div>\n<\/div>","protected":false},"featured_media":13774,"comment_status":"open","ping_status":"closed","template":"","meta":{"_acf_changed":false},"etheme_brands":[],"product_brand":[],"product_cat":[127,118],"product_tag":[],"class_list":{"0":"post-13773","1":"product","2":"type-product","3":"status-publish","4":"has-post-thumbnail","6":"product_cat-dao","7":"product_cat-sale-shop","9":"first","10":"instock","11":"sale","12":"shipping-taxable","13":"purchasable","14":"product-type-simple"},"acf":[],"_links":{"self":[{"href":"https:\/\/retailnetwork.shop\/es\/wp-json\/wp\/v2\/product\/13773","targetHints":{"allow":["GET"]}}],"collection":[{"href":"https:\/\/retailnetwork.shop\/es\/wp-json\/wp\/v2\/product"}],"about":[{"href":"https:\/\/retailnetwork.shop\/es\/wp-json\/wp\/v2\/types\/product"}],"replies":[{"embeddable":true,"href":"https:\/\/retailnetwork.shop\/es\/wp-json\/wp\/v2\/comments?post=13773"}],"version-history":[{"count":4,"href":"https:\/\/retailnetwork.shop\/es\/wp-json\/wp\/v2\/product\/13773\/revisions"}],"predecessor-version":[{"id":13797,"href":"https:\/\/retailnetwork.shop\/es\/wp-json\/wp\/v2\/product\/13773\/revisions\/13797"}],"wp:featuredmedia":[{"embeddable":true,"href":"https:\/\/retailnetwork.shop\/es\/wp-json\/wp\/v2\/media\/13774"}],"wp:attachment":[{"href":"https:\/\/retailnetwork.shop\/es\/wp-json\/wp\/v2\/media?parent=13773"}],"wp:term":[{"taxonomy":"brand","embeddable":true,"href":"https:\/\/retailnetwork.shop\/es\/wp-json\/wp\/v2\/etheme_brands?post=13773"},{"taxonomy":"product_brand","embeddable":true,"href":"https:\/\/retailnetwork.shop\/es\/wp-json\/wp\/v2\/product_brand?post=13773"},{"taxonomy":"product_cat","embeddable":true,"href":"https:\/\/retailnetwork.shop\/es\/wp-json\/wp\/v2\/product_cat?post=13773"},{"taxonomy":"product_tag","embeddable":true,"href":"https:\/\/retailnetwork.shop\/es\/wp-json\/wp\/v2\/product_tag?post=13773"}],"curies":[{"name":"wp","href":"https:\/\/api.w.org\/{rel}","templated":true}]}}