{"id":13703,"date":"2026-03-31T02:31:34","date_gmt":"2026-03-31T02:31:34","guid":{"rendered":"https:\/\/retailnetwork.shop\/?post_type=product&#038;p=13703"},"modified":"2026-03-31T02:40:28","modified_gmt":"2026-03-31T02:40:28","slug":"swiyie-complejo-de-colageno-multiple-peptidos-hidrolizados-tipo-i-ii-iii-vx-apoyo-para-piel-cabello-unas-y-articulaciones-sin-sabor-sin-ogm-sin-gluten-120-capsulas","status":"publish","type":"product","link":"https:\/\/retailnetwork.shop\/es\/producto\/swiyie-complejo-de-colageno-multiple-peptidos-hidrolizados-tipo-i-ii-iii-vx-apoyo-para-piel-cabello-unas-y-articulaciones-sin-sabor-sin-ogm-sin-gluten-120-capsulas\/","title":{"rendered":"SWIYIE Complejo de Col\u00e1geno M\u00faltiple: P\u00e9ptidos Hidrolizados Tipo I, II, III, V,X. Apoyo para Piel, Cabello, U\u00f1as y Articulaciones. Sin Sabor, Sin OGM, Sin Gluten. 120 C\u00e1psulas."},"content":{"rendered":"<div data-elementor-type=\"product-post\" data-elementor-id=\"13703\" class=\"elementor elementor-13703\" data-elementor-post-type=\"product\">\n\t\t\t\t<div class=\"elementor-element elementor-element-496ca765 e-flex e-con-boxed e-con e-parent\" data-id=\"496ca765\" data-element_type=\"container\" data-settings=\"{&quot;ekit_has_onepagescroll_dot&quot;:&quot;yes&quot;}\">\n\t\t\t\t\t<div class=\"e-con-inner\">\n\t\t<div class=\"elementor-element elementor-element-960be0d e-con-full e-flex e-con e-child\" data-id=\"960be0d\" data-element_type=\"container\" data-settings=\"{&quot;ekit_has_onepagescroll_dot&quot;:&quot;yes&quot;}\">\n\t\t\t\t<div class=\"elementor-element elementor-element-496f3539 elementor-widget elementor-widget-video\" data-id=\"496f3539\" data-element_type=\"widget\" data-settings=\"{&quot;video_type&quot;:&quot;hosted&quot;,&quot;controls&quot;:&quot;yes&quot;,&quot;ekit_we_effect_on&quot;:&quot;none&quot;}\" data-widget_type=\"video.default\">\n\t\t\t\t<div class=\"elementor-widget-container\">\n\t\t\t\t\t\t\t<div class=\"e-hosted-video elementor-wrapper elementor-open-inline\">\n\t\t\t\t\t<video class=\"elementor-video\" src=\"https:\/\/retailnetwork.shop\/wp-content\/uploads\/2026\/03\/video_2026-02-09_19-15-55.mp4\" controls=\"\" preload=\"metadata\" controlslist=\"nodownload\"><\/video>\n\t\t\t\t<\/div>\n\t\t\t\t\t\t<\/div>\n\t\t\t\t<\/div>\n\t\t\t\t<\/div>\n\t\t<div class=\"elementor-element elementor-element-60eaaabf e-con-full e-flex e-con e-child\" data-id=\"60eaaabf\" data-element_type=\"container\" data-settings=\"{&quot;ekit_has_onepagescroll_dot&quot;:&quot;yes&quot;}\">\n\t\t\t\t<div class=\"elementor-element elementor-element-2c478c7e elementor-widget elementor-widget-text-editor\" data-id=\"2c478c7e\" data-element_type=\"widget\" data-settings=\"{&quot;ekit_we_effect_on&quot;:&quot;none&quot;}\" data-widget_type=\"text-editor.default\">\n\t\t\t\t<div class=\"elementor-widget-container\">\n\t\t\t\t\t\t\t\t\t<!DOCTYPE html>\n<html lang=\"es\">\n<head>\n    <meta charset=\"UTF-8\">\n    <meta name=\"viewport\" content=\"width=device-width, initial-scale=1.0\">\n    <title>Detalles del Producto<\/title>\n    <style>\n        * {\n            margin: 0;\n            padding: 0;\n            box-sizing: border-box;\n        }\n        \n        body {\n            font-family: -apple-system, BlinkMacSystemFont, 'Segoe UI', Roboto, sans-serif;\n            background-color: #f8f9fa;\n            color: #333;\n            line-height: 1.5;\n            padding: 16px;\n        }\n        \n        .details-container {\n            max-width: 800px;\n            margin: 0 auto;\n            background-color: #fff;\n            border-radius: 12px;\n            overflow: hidden;\n            box-shadow: 0 2px 12px rgba(0,0,0,0.08);\n        }\n        \n        .details-table {\n            width: 100%;\n        }\n        \n        .detail-row {\n            display: flex;\n            border-bottom: 1px solid #e2e8f0;\n            min-height: 56px;\n            align-items: center;\n        }\n        \n        .detail-row:last-child {\n            border-bottom: none;\n        }\n        \n        .detail-label {\n            font-weight: 600;\n            color: #2d3748;\n            padding: 16px;\n            width: 45%;\n            font-size: 15px;\n            background-color: #fafafa;\n        }\n        \n        .detail-value {\n            padding: 16px;\n            width: 55%;\n            font-size: 15px;\n            color: #4a5568;\n        }\n        \n        \/* Desktop *\/\n        @media (min-width: 768px) {\n            body {\n                padding: 24px;\n            }\n            \n            .details-container {\n                border-radius: 16px;\n                box-shadow: 0 4px 20px rgba(0,0,0,0.1);\n            }\n            \n            .detail-label, .detail-value {\n                padding: 18px 24px;\n                font-size: 16px;\n            }\n            \n            .detail-label {\n                width: 40%;\n            }\n            \n            .detail-value {\n                width: 60%;\n            }\n        }\n        \n        \/* Mobile small screens *\/\n        @media (max-width: 480px) {\n            .detail-row {\n                flex-direction: column;\n                align-items: flex-start;\n                padding: 12px 16px;\n                min-height: auto;\n            }\n            \n            .detail-label, .detail-value {\n                width: 100%;\n                padding: 6px 0;\n            }\n            \n            .detail-label {\n                background-color: transparent;\n                font-weight: 700;\n                padding-top: 0;\n            }\n            \n            .detail-value {\n                padding-bottom: 8px;\n                color: #5a6c7d;\n            }\n        }\n        \n        \/* Dark mode *\/\n        @media (prefers-color-scheme: dark) {\n            body {\n                background-color: #1a202c;\n                color: #e2e8f0;\n            }\n            \n            .details-container {\n                background-color: #2d3748;\n                box-shadow: 0 2px 12px rgba(0,0,0,0.3);\n            }\n            \n            .detail-row {\n                border-bottom-color: #4a5568;\n            }\n            \n            .detail-label {\n                color: #cbd5e0;\n                background-color: #343f52;\n            }\n            \n            .detail-value {\n                color: #a0aec0;\n            }\n        }\n    <\/style>\n<\/head>\n<body>\n    <div class=\"details-container\">\n        <div class=\"details-table\">\n            <div class=\"detail-row\">\n                <div class=\"detail-label\">Detalles del producto<\/div>\n                <div class=\"detail-value\"><\/div>\n            <\/div>\n            <div class=\"detail-row\">\n                <div class=\"detail-label\">Dimensiones del paquete<\/div>\n                <div class=\"detail-value\">4,29 x 2,2 x 2,2 pulgadas; 3 onzas<\/div>\n            <\/div>\n            <div class=\"detail-row\">\n                <div class=\"detail-label\">Fecha de disponibilidad<\/div>\n                <div class=\"detail-value\">23 de julio de 2025<\/div>\n            <\/div>\n            <div class=\"detail-row\">\n                <div class=\"detail-label\">Fabricante<\/div>\n                <div class=\"detail-value\">SWIYIE<\/div>\n            <\/div>\n        <\/div>\n    <\/div>\n<\/body>\n<\/html>\t\t\t\t\t\t\t\t<\/div>\n\t\t\t\t<\/div>\n\t\t\t\t<\/div>\n\t\t\t\t\t<\/div>\n\t\t\t\t<\/div>\n\t\t<div class=\"elementor-element elementor-element-605a22e8 e-flex e-con-boxed e-con e-parent\" data-id=\"605a22e8\" data-element_type=\"container\" data-settings=\"{&quot;ekit_has_onepagescroll_dot&quot;:&quot;yes&quot;}\">\n\t\t\t\t\t<div class=\"e-con-inner\">\n\t\t\t\t<div class=\"elementor-element elementor-element-1808a747 elementor-widget elementor-widget-image\" data-id=\"1808a747\" data-element_type=\"widget\" data-settings=\"{&quot;ekit_we_effect_on&quot;:&quot;none&quot;}\" data-widget_type=\"image.default\">\n\t\t\t\t<div class=\"elementor-widget-container\">\n\t\t\t\t\t\t\t\t\t\t\t\t\t\t\t<img loading=\"lazy\" decoding=\"async\" width=\"1464\" height=\"600\" src=\"https:\/\/retailnetwork.shop\/wp-content\/uploads\/2026\/03\/e31e077c-caf2-4e3c-a80f-636c3b8024f1.__CR001464600_PT0_SX1464_V1___.jpg\" class=\"attachment-full size-full wp-image-13716 wvs-archive-product-image\" alt=\"\" srcset=\"https:\/\/retailnetwork.shop\/wp-content\/uploads\/2026\/03\/e31e077c-caf2-4e3c-a80f-636c3b8024f1.__CR001464600_PT0_SX1464_V1___.jpg 1464w, https:\/\/retailnetwork.shop\/wp-content\/uploads\/2026\/03\/e31e077c-caf2-4e3c-a80f-636c3b8024f1.__CR001464600_PT0_SX1464_V1___-300x123.jpg 300w, https:\/\/retailnetwork.shop\/wp-content\/uploads\/2026\/03\/e31e077c-caf2-4e3c-a80f-636c3b8024f1.__CR001464600_PT0_SX1464_V1___-1024x420.jpg 1024w, https:\/\/retailnetwork.shop\/wp-content\/uploads\/2026\/03\/e31e077c-caf2-4e3c-a80f-636c3b8024f1.__CR001464600_PT0_SX1464_V1___-768x315.jpg 768w, https:\/\/retailnetwork.shop\/wp-content\/uploads\/2026\/03\/e31e077c-caf2-4e3c-a80f-636c3b8024f1.__CR001464600_PT0_SX1464_V1___-18x7.jpg 18w, https:\/\/retailnetwork.shop\/wp-content\/uploads\/2026\/03\/e31e077c-caf2-4e3c-a80f-636c3b8024f1.__CR001464600_PT0_SX1464_V1___-600x246.jpg 600w, https:\/\/retailnetwork.shop\/wp-content\/uploads\/2026\/03\/e31e077c-caf2-4e3c-a80f-636c3b8024f1.__CR001464600_PT0_SX1464_V1___-1x1.jpg 1w, https:\/\/retailnetwork.shop\/wp-content\/uploads\/2026\/03\/e31e077c-caf2-4e3c-a80f-636c3b8024f1.__CR001464600_PT0_SX1464_V1___-10x4.jpg 10w\" sizes=\"auto, (max-width: 1464px) 100vw, 1464px\" \/>\t\t\t\t\t\t\t\t\t\t\t\t\t\t\t<\/div>\n\t\t\t\t<\/div>\n\t\t\t\t<div class=\"elementor-element elementor-element-78aadc1f elementor-widget elementor-widget-image\" data-id=\"78aadc1f\" data-element_type=\"widget\" data-settings=\"{&quot;ekit_we_effect_on&quot;:&quot;none&quot;}\" data-widget_type=\"image.default\">\n\t\t\t\t<div class=\"elementor-widget-container\">\n\t\t\t\t\t\t\t\t\t\t\t\t\t\t\t<img loading=\"lazy\" decoding=\"async\" width=\"1464\" height=\"600\" src=\"https:\/\/retailnetwork.shop\/wp-content\/uploads\/2026\/03\/fd2b5532-ee29-4e37-bf7d-4ff163d53412.__CR001464600_PT0_SX1464_V1___.jpg\" class=\"attachment-full size-full wp-image-13717 wvs-archive-product-image\" alt=\"\" srcset=\"https:\/\/retailnetwork.shop\/wp-content\/uploads\/2026\/03\/fd2b5532-ee29-4e37-bf7d-4ff163d53412.__CR001464600_PT0_SX1464_V1___.jpg 1464w, https:\/\/retailnetwork.shop\/wp-content\/uploads\/2026\/03\/fd2b5532-ee29-4e37-bf7d-4ff163d53412.__CR001464600_PT0_SX1464_V1___-300x123.jpg 300w, https:\/\/retailnetwork.shop\/wp-content\/uploads\/2026\/03\/fd2b5532-ee29-4e37-bf7d-4ff163d53412.__CR001464600_PT0_SX1464_V1___-1024x420.jpg 1024w, https:\/\/retailnetwork.shop\/wp-content\/uploads\/2026\/03\/fd2b5532-ee29-4e37-bf7d-4ff163d53412.__CR001464600_PT0_SX1464_V1___-768x315.jpg 768w, https:\/\/retailnetwork.shop\/wp-content\/uploads\/2026\/03\/fd2b5532-ee29-4e37-bf7d-4ff163d53412.__CR001464600_PT0_SX1464_V1___-18x7.jpg 18w, https:\/\/retailnetwork.shop\/wp-content\/uploads\/2026\/03\/fd2b5532-ee29-4e37-bf7d-4ff163d53412.__CR001464600_PT0_SX1464_V1___-600x246.jpg 600w, https:\/\/retailnetwork.shop\/wp-content\/uploads\/2026\/03\/fd2b5532-ee29-4e37-bf7d-4ff163d53412.__CR001464600_PT0_SX1464_V1___-1x1.jpg 1w, https:\/\/retailnetwork.shop\/wp-content\/uploads\/2026\/03\/fd2b5532-ee29-4e37-bf7d-4ff163d53412.__CR001464600_PT0_SX1464_V1___-10x4.jpg 10w\" sizes=\"auto, (max-width: 1464px) 100vw, 1464px\" \/>\t\t\t\t\t\t\t\t\t\t\t\t\t\t\t<\/div>\n\t\t\t\t<\/div>\n\t\t\t\t<div class=\"elementor-element elementor-element-69300f9b elementor-widget elementor-widget-image\" data-id=\"69300f9b\" data-element_type=\"widget\" data-settings=\"{&quot;ekit_we_effect_on&quot;:&quot;none&quot;}\" data-widget_type=\"image.default\">\n\t\t\t\t<div class=\"elementor-widget-container\">\n\t\t\t\t\t\t\t\t\t\t\t\t\t\t\t<img loading=\"lazy\" decoding=\"async\" width=\"1464\" height=\"600\" src=\"https:\/\/retailnetwork.shop\/wp-content\/uploads\/2026\/03\/631a9a69-54cb-4d34-9040-012372444388.__CR001464600_PT0_SX1464_V1___.jpg\" class=\"attachment-full size-full wp-image-13718 wvs-archive-product-image\" alt=\"\" srcset=\"https:\/\/retailnetwork.shop\/wp-content\/uploads\/2026\/03\/631a9a69-54cb-4d34-9040-012372444388.__CR001464600_PT0_SX1464_V1___.jpg 1464w, https:\/\/retailnetwork.shop\/wp-content\/uploads\/2026\/03\/631a9a69-54cb-4d34-9040-012372444388.__CR001464600_PT0_SX1464_V1___-300x123.jpg 300w, https:\/\/retailnetwork.shop\/wp-content\/uploads\/2026\/03\/631a9a69-54cb-4d34-9040-012372444388.__CR001464600_PT0_SX1464_V1___-1024x420.jpg 1024w, https:\/\/retailnetwork.shop\/wp-content\/uploads\/2026\/03\/631a9a69-54cb-4d34-9040-012372444388.__CR001464600_PT0_SX1464_V1___-768x315.jpg 768w, https:\/\/retailnetwork.shop\/wp-content\/uploads\/2026\/03\/631a9a69-54cb-4d34-9040-012372444388.__CR001464600_PT0_SX1464_V1___-18x7.jpg 18w, https:\/\/retailnetwork.shop\/wp-content\/uploads\/2026\/03\/631a9a69-54cb-4d34-9040-012372444388.__CR001464600_PT0_SX1464_V1___-600x246.jpg 600w, https:\/\/retailnetwork.shop\/wp-content\/uploads\/2026\/03\/631a9a69-54cb-4d34-9040-012372444388.__CR001464600_PT0_SX1464_V1___-1x1.jpg 1w, https:\/\/retailnetwork.shop\/wp-content\/uploads\/2026\/03\/631a9a69-54cb-4d34-9040-012372444388.__CR001464600_PT0_SX1464_V1___-10x4.jpg 10w\" sizes=\"auto, (max-width: 1464px) 100vw, 1464px\" \/>\t\t\t\t\t\t\t\t\t\t\t\t\t\t\t<\/div>\n\t\t\t\t<\/div>\n\t\t\t\t<div class=\"elementor-element elementor-element-2ccaa877 elementor-widget elementor-widget-image\" data-id=\"2ccaa877\" data-element_type=\"widget\" data-settings=\"{&quot;ekit_we_effect_on&quot;:&quot;none&quot;}\" data-widget_type=\"image.default\">\n\t\t\t\t<div class=\"elementor-widget-container\">\n\t\t\t\t\t\t\t\t\t\t\t\t\t\t\t<img loading=\"lazy\" decoding=\"async\" width=\"1464\" height=\"600\" src=\"https:\/\/retailnetwork.shop\/wp-content\/uploads\/2026\/03\/f9af6e78-e46a-4fae-9fc7-a2961858c3ac.__CR001464600_PT0_SX1464_V1___.jpg\" class=\"attachment-full size-full wp-image-13719 wvs-archive-product-image\" alt=\"\" srcset=\"https:\/\/retailnetwork.shop\/wp-content\/uploads\/2026\/03\/f9af6e78-e46a-4fae-9fc7-a2961858c3ac.__CR001464600_PT0_SX1464_V1___.jpg 1464w, https:\/\/retailnetwork.shop\/wp-content\/uploads\/2026\/03\/f9af6e78-e46a-4fae-9fc7-a2961858c3ac.__CR001464600_PT0_SX1464_V1___-300x123.jpg 300w, https:\/\/retailnetwork.shop\/wp-content\/uploads\/2026\/03\/f9af6e78-e46a-4fae-9fc7-a2961858c3ac.__CR001464600_PT0_SX1464_V1___-1024x420.jpg 1024w, https:\/\/retailnetwork.shop\/wp-content\/uploads\/2026\/03\/f9af6e78-e46a-4fae-9fc7-a2961858c3ac.__CR001464600_PT0_SX1464_V1___-768x315.jpg 768w, https:\/\/retailnetwork.shop\/wp-content\/uploads\/2026\/03\/f9af6e78-e46a-4fae-9fc7-a2961858c3ac.__CR001464600_PT0_SX1464_V1___-18x7.jpg 18w, https:\/\/retailnetwork.shop\/wp-content\/uploads\/2026\/03\/f9af6e78-e46a-4fae-9fc7-a2961858c3ac.__CR001464600_PT0_SX1464_V1___-600x246.jpg 600w, https:\/\/retailnetwork.shop\/wp-content\/uploads\/2026\/03\/f9af6e78-e46a-4fae-9fc7-a2961858c3ac.__CR001464600_PT0_SX1464_V1___-1x1.jpg 1w, https:\/\/retailnetwork.shop\/wp-content\/uploads\/2026\/03\/f9af6e78-e46a-4fae-9fc7-a2961858c3ac.__CR001464600_PT0_SX1464_V1___-10x4.jpg 10w\" sizes=\"auto, (max-width: 1464px) 100vw, 1464px\" \/>\t\t\t\t\t\t\t\t\t\t\t\t\t\t\t<\/div>\n\t\t\t\t<\/div>\n\t\t\t\t<div class=\"elementor-element elementor-element-7b4e9ac9 elementor-widget elementor-widget-image\" data-id=\"7b4e9ac9\" data-element_type=\"widget\" data-settings=\"{&quot;ekit_we_effect_on&quot;:&quot;none&quot;}\" data-widget_type=\"image.default\">\n\t\t\t\t<div class=\"elementor-widget-container\">\n\t\t\t\t\t\t\t\t\t\t\t\t\t\t\t<img loading=\"lazy\" decoding=\"async\" width=\"1464\" height=\"600\" src=\"https:\/\/retailnetwork.shop\/wp-content\/uploads\/2026\/03\/535615a6-8fea-41a8-9a0c-89512be4254c.__CR001464600_PT0_SX1464_V1___.jpg\" class=\"attachment-full size-full wp-image-13720 wvs-archive-product-image\" alt=\"\" srcset=\"https:\/\/retailnetwork.shop\/wp-content\/uploads\/2026\/03\/535615a6-8fea-41a8-9a0c-89512be4254c.__CR001464600_PT0_SX1464_V1___.jpg 1464w, https:\/\/retailnetwork.shop\/wp-content\/uploads\/2026\/03\/535615a6-8fea-41a8-9a0c-89512be4254c.__CR001464600_PT0_SX1464_V1___-300x123.jpg 300w, https:\/\/retailnetwork.shop\/wp-content\/uploads\/2026\/03\/535615a6-8fea-41a8-9a0c-89512be4254c.__CR001464600_PT0_SX1464_V1___-1024x420.jpg 1024w, https:\/\/retailnetwork.shop\/wp-content\/uploads\/2026\/03\/535615a6-8fea-41a8-9a0c-89512be4254c.__CR001464600_PT0_SX1464_V1___-768x315.jpg 768w, https:\/\/retailnetwork.shop\/wp-content\/uploads\/2026\/03\/535615a6-8fea-41a8-9a0c-89512be4254c.__CR001464600_PT0_SX1464_V1___-18x7.jpg 18w, https:\/\/retailnetwork.shop\/wp-content\/uploads\/2026\/03\/535615a6-8fea-41a8-9a0c-89512be4254c.__CR001464600_PT0_SX1464_V1___-600x246.jpg 600w, https:\/\/retailnetwork.shop\/wp-content\/uploads\/2026\/03\/535615a6-8fea-41a8-9a0c-89512be4254c.__CR001464600_PT0_SX1464_V1___-1x1.jpg 1w, https:\/\/retailnetwork.shop\/wp-content\/uploads\/2026\/03\/535615a6-8fea-41a8-9a0c-89512be4254c.__CR001464600_PT0_SX1464_V1___-10x4.jpg 10w\" sizes=\"auto, (max-width: 1464px) 100vw, 1464px\" \/>\t\t\t\t\t\t\t\t\t\t\t\t\t\t\t<\/div>\n\t\t\t\t<\/div>\n\t\t\t\t\t<\/div>\n\t\t\t\t<\/div>\n\t\t\t\t<\/div>","protected":false},"excerpt":{"rendered":"<h1 class=\"a-size-base-plus a-text-bold\">Acerca de este art\u00edculo<\/h1>\n<ul class=\"a-unordered-list a-vertical a-spacing-mini\">\n<li class=\"a-spacing-mini\">\n<p class=\"ds-markdown-paragraph\"><strong>Ingredientes Premium:<\/strong>\u00a0Col\u00e1geno hidrolizado de bovinos de pasto.<\/p>\n<p class=\"ds-markdown-paragraph\"><strong>Beneficios:<\/strong>\u00a0Hidrataci\u00f3n de piel, flexibilidad articular y fortalecimiento de cabello y u\u00f1as.<\/p>\n<p class=\"ds-markdown-paragraph\"><strong>Para Todos:<\/strong>\u00a0Ideal para cuidado de piel, articulaciones, deportistas y d\u00e9ficit de col\u00e1geno.<\/p>\n<p class=\"ds-markdown-paragraph\"><strong>C\u00e1psulas:<\/strong>\u00a0Alta absorci\u00f3n, sin regusto. Toma de 2 c\u00e1psulas con agua.<\/p>\n<p class=\"ds-markdown-paragraph\"><strong>Marca Confiable:<\/strong>\u00a0SWIYIE: sin OMG, gluten ni aditivos artificiales.<\/p>\n<\/li>\n<\/ul>","protected":false},"featured_media":13704,"comment_status":"open","ping_status":"closed","template":"","meta":{"_acf_changed":false},"etheme_brands":[],"product_brand":[116],"product_cat":[118],"product_tag":[],"class_list":{"0":"post-13703","1":"product","2":"type-product","3":"status-publish","4":"has-post-thumbnail","6":"product_brand-sale","7":"product_cat-sale-shop","9":"first","10":"instock","11":"sale","12":"shipping-taxable","13":"purchasable","14":"product-type-simple"},"acf":[],"_links":{"self":[{"href":"https:\/\/retailnetwork.shop\/es\/wp-json\/wp\/v2\/product\/13703","targetHints":{"allow":["GET"]}}],"collection":[{"href":"https:\/\/retailnetwork.shop\/es\/wp-json\/wp\/v2\/product"}],"about":[{"href":"https:\/\/retailnetwork.shop\/es\/wp-json\/wp\/v2\/types\/product"}],"replies":[{"embeddable":true,"href":"https:\/\/retailnetwork.shop\/es\/wp-json\/wp\/v2\/comments?post=13703"}],"version-history":[{"count":4,"href":"https:\/\/retailnetwork.shop\/es\/wp-json\/wp\/v2\/product\/13703\/revisions"}],"predecessor-version":[{"id":13726,"href":"https:\/\/retailnetwork.shop\/es\/wp-json\/wp\/v2\/product\/13703\/revisions\/13726"}],"wp:featuredmedia":[{"embeddable":true,"href":"https:\/\/retailnetwork.shop\/es\/wp-json\/wp\/v2\/media\/13704"}],"wp:attachment":[{"href":"https:\/\/retailnetwork.shop\/es\/wp-json\/wp\/v2\/media?parent=13703"}],"wp:term":[{"taxonomy":"brand","embeddable":true,"href":"https:\/\/retailnetwork.shop\/es\/wp-json\/wp\/v2\/etheme_brands?post=13703"},{"taxonomy":"product_brand","embeddable":true,"href":"https:\/\/retailnetwork.shop\/es\/wp-json\/wp\/v2\/product_brand?post=13703"},{"taxonomy":"product_cat","embeddable":true,"href":"https:\/\/retailnetwork.shop\/es\/wp-json\/wp\/v2\/product_cat?post=13703"},{"taxonomy":"product_tag","embeddable":true,"href":"https:\/\/retailnetwork.shop\/es\/wp-json\/wp\/v2\/product_tag?post=13703"}],"curies":[{"name":"wp","href":"https:\/\/api.w.org\/{rel}","templated":true}]}}