{"id":13671,"date":"2026-03-28T05:57:23","date_gmt":"2026-03-28T05:57:23","guid":{"rendered":"https:\/\/retailnetwork.shop\/?post_type=product&#038;p=13671"},"modified":"2026-03-28T06:10:24","modified_gmt":"2026-03-28T06:10:24","slug":"menfrka-2026-ojos-de-diablo-luz-led-con-forma-de-ojo-para-parabrisas-de-automovil-pantalla-led-flexible-de-31-5-x-12-8-x-3-1-cm-12-4-x-5-04-x-1-22-pulgadas-muestra-animaciones-dinamicas-y-personal","status":"publish","type":"product","link":"https:\/\/retailnetwork.shop\/es\/producto\/menfrka-2026-ojos-de-diablo-luz-led-con-forma-de-ojo-para-parabrisas-de-automovil-pantalla-led-flexible-de-31-5-x-12-8-x-3-1-cm-12-4-x-5-04-x-1-22-pulgadas-muestra-animaciones-dinamicas-y-personal\/","title":{"rendered":"MENFRKA 2026 Ojos de Diablo Luz LED con forma de ojo para parabrisas de autom\u00f3vil, pantalla LED flexible de 31.5 x 12.8 x 3.1 cm (12.4 x 5.04 x 1.22 pulgadas), muestra animaciones din\u00e1micas y personalizables para personalizaci\u00f3n del veh\u00edculo."},"content":{"rendered":"<div data-elementor-type=\"product-post\" data-elementor-id=\"13671\" class=\"elementor elementor-13671\" data-elementor-post-type=\"product\">\n\t\t\t\t<div class=\"elementor-element elementor-element-21f22960 e-flex e-con-boxed e-con e-parent\" data-id=\"21f22960\" data-element_type=\"container\" data-settings=\"{&quot;ekit_has_onepagescroll_dot&quot;:&quot;yes&quot;}\">\n\t\t\t\t\t<div class=\"e-con-inner\">\n\t\t<div class=\"elementor-element elementor-element-2a26247f e-con-full e-flex e-con e-child\" data-id=\"2a26247f\" data-element_type=\"container\" data-settings=\"{&quot;ekit_has_onepagescroll_dot&quot;:&quot;yes&quot;}\">\n\t\t\t\t<div class=\"elementor-element elementor-element-f6e0209 elementor-widget elementor-widget-video\" data-id=\"f6e0209\" data-element_type=\"widget\" data-settings=\"{&quot;video_type&quot;:&quot;hosted&quot;,&quot;controls&quot;:&quot;yes&quot;,&quot;ekit_we_effect_on&quot;:&quot;none&quot;}\" data-widget_type=\"video.default\">\n\t\t\t\t<div class=\"elementor-widget-container\">\n\t\t\t\t\t\t\t<div class=\"e-hosted-video elementor-wrapper elementor-open-inline\">\n\t\t\t\t\t<video class=\"elementor-video\" src=\"https:\/\/retailnetwork.shop\/wp-content\/uploads\/2026\/03\/video_2026-02-09_15-36-26.mp4\" controls=\"\" preload=\"metadata\" controlslist=\"nodownload\"><\/video>\n\t\t\t\t<\/div>\n\t\t\t\t\t\t<\/div>\n\t\t\t\t<\/div>\n\t\t\t\t<div class=\"elementor-element elementor-element-2dd6313e elementor-widget elementor-widget-image\" data-id=\"2dd6313e\" data-element_type=\"widget\" data-settings=\"{&quot;ekit_we_effect_on&quot;:&quot;none&quot;}\" data-widget_type=\"image.default\">\n\t\t\t\t<div class=\"elementor-widget-container\">\n\t\t\t\t\t\t\t\t\t\t\t\t\t\t\t<img loading=\"lazy\" decoding=\"async\" width=\"970\" height=\"600\" src=\"https:\/\/retailnetwork.shop\/wp-content\/uploads\/2026\/03\/e952b261-0ed2-4b97-994c-1e6891e81fe2.__CR0019401200_PT0_SX970_V1___.jpg\" class=\"attachment-full size-full wp-image-13686 wvs-archive-product-image\" alt=\"\" srcset=\"https:\/\/retailnetwork.shop\/wp-content\/uploads\/2026\/03\/e952b261-0ed2-4b97-994c-1e6891e81fe2.__CR0019401200_PT0_SX970_V1___.jpg 970w, https:\/\/retailnetwork.shop\/wp-content\/uploads\/2026\/03\/e952b261-0ed2-4b97-994c-1e6891e81fe2.__CR0019401200_PT0_SX970_V1___-300x186.jpg 300w, https:\/\/retailnetwork.shop\/wp-content\/uploads\/2026\/03\/e952b261-0ed2-4b97-994c-1e6891e81fe2.__CR0019401200_PT0_SX970_V1___-768x475.jpg 768w, https:\/\/retailnetwork.shop\/wp-content\/uploads\/2026\/03\/e952b261-0ed2-4b97-994c-1e6891e81fe2.__CR0019401200_PT0_SX970_V1___-18x12.jpg 18w, https:\/\/retailnetwork.shop\/wp-content\/uploads\/2026\/03\/e952b261-0ed2-4b97-994c-1e6891e81fe2.__CR0019401200_PT0_SX970_V1___-600x371.jpg 600w, https:\/\/retailnetwork.shop\/wp-content\/uploads\/2026\/03\/e952b261-0ed2-4b97-994c-1e6891e81fe2.__CR0019401200_PT0_SX970_V1___-1x1.jpg 1w, https:\/\/retailnetwork.shop\/wp-content\/uploads\/2026\/03\/e952b261-0ed2-4b97-994c-1e6891e81fe2.__CR0019401200_PT0_SX970_V1___-10x6.jpg 10w\" sizes=\"auto, (max-width: 970px) 100vw, 970px\" \/>\t\t\t\t\t\t\t\t\t\t\t\t\t\t\t<\/div>\n\t\t\t\t<\/div>\n\t\t\t\t<\/div>\n\t\t<div class=\"elementor-element elementor-element-1a0334ab e-con-full e-flex e-con e-child\" data-id=\"1a0334ab\" data-element_type=\"container\" data-settings=\"{&quot;ekit_has_onepagescroll_dot&quot;:&quot;yes&quot;}\">\n\t\t\t\t<div class=\"elementor-element elementor-element-24e8a2dc elementor-widget elementor-widget-text-editor\" data-id=\"24e8a2dc\" data-element_type=\"widget\" data-settings=\"{&quot;ekit_we_effect_on&quot;:&quot;none&quot;}\" data-widget_type=\"text-editor.default\">\n\t\t\t\t<div class=\"elementor-widget-container\">\n\t\t\t\t\t\t\t\t\t<!DOCTYPE html>\n<html lang=\"es\">\n<head>\n    <meta charset=\"UTF-8\">\n    <style>\n        body {\n            font-family: Arial, sans-serif;\n            margin: 40px;\n        }\n        .spec-table {\n            width: 100%;\n            border-collapse: collapse;\n        }\n        .spec-row {\n            border-bottom: 1px solid #000;\n        }\n        .spec-label, .spec-value {\n            padding: 8px 0;\n            text-align: left;\n            vertical-align: top;\n        }\n        .spec-label {\n            font-weight: bold;\n            min-width: 200px;\n        }\n    <\/style>\n<\/head>\n<body>\n    <table class=\"spec-table\">\n        <tr class=\"spec-row\">\n            <td class=\"spec-label\">Especificaciones<\/td>\n            <td class=\"spec-value\">\u00bfIncluye bombillas?<\/td>\n        <\/tr>\n        <tr class=\"spec-row\">\n            <td class=\"spec-label\"><\/td>\n            <td class=\"spec-value\">No<\/td>\n        <\/tr>\n        <tr class=\"spec-row\">\n            <td class=\"spec-label\">Productos qu\u00edmicos altamente preocupantes<\/td>\n            <td class=\"spec-value\">Ninguno<\/td>\n        <\/tr>\n        <tr class=\"spec-row\">\n            <td class=\"spec-label\">Flujo luminoso<\/td>\n            <td class=\"spec-value\">&lt;60<\/td>\n        <\/tr>\n        <tr class=\"spec-row\">\n            <td class=\"spec-label\">Material del cuerpo<\/td>\n            <td class=\"spec-value\">ABS<\/td>\n        <\/tr>\n        <tr class=\"spec-row\">\n            <td class=\"spec-label\">\u00bfRegulable?<\/td>\n            <td class=\"spec-value\">S\u00ed<\/td>\n        <\/tr>\n        <tr class=\"spec-row\">\n            <td class=\"spec-label\">Tensi\u00f3n<\/td>\n            <td class=\"spec-value\">5V<\/td>\n        <\/tr>\n        <tr class=\"spec-row\">\n            <td class=\"spec-label\">Fuente de alimentaci\u00f3n<\/td>\n            <td class=\"spec-value\">DC<\/td>\n        <\/tr>\n        <tr class=\"spec-row\">\n            <td class=\"spec-label\">Origen<\/td>\n            <td class=\"spec-value\">China continental<\/td>\n        <\/tr>\n        <tr class=\"spec-row\">\n            <td class=\"spec-label\">Fuente de luz<\/td>\n            <td class=\"spec-value\">Bombillas LED<\/td>\n        <\/tr>\n        <tr class=\"spec-row\">\n            <td class=\"spec-label\">Uso<\/td>\n            <td class=\"spec-value\">Industrial<\/td>\n        <\/tr>\n        <tr class=\"spec-row\">\n            <td class=\"spec-label\">Tipo de art\u00edculo<\/td>\n            <td class=\"spec-value\">Luces de panel<\/td>\n        <\/tr>\n    <\/table>\n<\/body>\n<\/html>\t\t\t\t\t\t\t\t<\/div>\n\t\t\t\t<\/div>\n\t\t\t\t<\/div>\n\t\t\t\t\t<\/div>\n\t\t\t\t<\/div>\n\t\t<div class=\"elementor-element elementor-element-518958ff e-flex e-con-boxed e-con e-parent\" data-id=\"518958ff\" data-element_type=\"container\" data-settings=\"{&quot;ekit_has_onepagescroll_dot&quot;:&quot;yes&quot;}\">\n\t\t\t\t\t<div class=\"e-con-inner\">\n\t\t\t\t<div class=\"elementor-element elementor-element-1aea7eb8 elementor-widget elementor-widget-image\" data-id=\"1aea7eb8\" data-element_type=\"widget\" data-settings=\"{&quot;ekit_we_effect_on&quot;:&quot;none&quot;}\" data-widget_type=\"image.default\">\n\t\t\t\t<div class=\"elementor-widget-container\">\n\t\t\t\t\t\t\t\t\t\t\t\t\t\t\t<img loading=\"lazy\" decoding=\"async\" width=\"970\" height=\"600\" src=\"https:\/\/retailnetwork.shop\/wp-content\/uploads\/2026\/03\/16a04771-037a-4ca9-b336-240ec633648a.__CR00970600_PT0_SX970_V1___.jpg\" class=\"attachment-full size-full wp-image-13687 wvs-archive-product-image\" alt=\"\" srcset=\"https:\/\/retailnetwork.shop\/wp-content\/uploads\/2026\/03\/16a04771-037a-4ca9-b336-240ec633648a.__CR00970600_PT0_SX970_V1___.jpg 970w, https:\/\/retailnetwork.shop\/wp-content\/uploads\/2026\/03\/16a04771-037a-4ca9-b336-240ec633648a.__CR00970600_PT0_SX970_V1___-300x186.jpg 300w, https:\/\/retailnetwork.shop\/wp-content\/uploads\/2026\/03\/16a04771-037a-4ca9-b336-240ec633648a.__CR00970600_PT0_SX970_V1___-768x475.jpg 768w, https:\/\/retailnetwork.shop\/wp-content\/uploads\/2026\/03\/16a04771-037a-4ca9-b336-240ec633648a.__CR00970600_PT0_SX970_V1___-18x12.jpg 18w, https:\/\/retailnetwork.shop\/wp-content\/uploads\/2026\/03\/16a04771-037a-4ca9-b336-240ec633648a.__CR00970600_PT0_SX970_V1___-600x371.jpg 600w, https:\/\/retailnetwork.shop\/wp-content\/uploads\/2026\/03\/16a04771-037a-4ca9-b336-240ec633648a.__CR00970600_PT0_SX970_V1___-1x1.jpg 1w, https:\/\/retailnetwork.shop\/wp-content\/uploads\/2026\/03\/16a04771-037a-4ca9-b336-240ec633648a.__CR00970600_PT0_SX970_V1___-10x6.jpg 10w\" sizes=\"auto, (max-width: 970px) 100vw, 970px\" \/>\t\t\t\t\t\t\t\t\t\t\t\t\t\t\t<\/div>\n\t\t\t\t<\/div>\n\t\t\t\t<div class=\"elementor-element elementor-element-11983912 elementor-widget elementor-widget-image\" data-id=\"11983912\" data-element_type=\"widget\" data-settings=\"{&quot;ekit_we_effect_on&quot;:&quot;none&quot;}\" data-widget_type=\"image.default\">\n\t\t\t\t<div class=\"elementor-widget-container\">\n\t\t\t\t\t\t\t\t\t\t\t\t\t\t\t<img loading=\"lazy\" decoding=\"async\" width=\"970\" height=\"600\" src=\"https:\/\/retailnetwork.shop\/wp-content\/uploads\/2026\/03\/0e49c372-9be9-415f-a6f2-188d64cfa740.__CR00970600_PT0_SX970_V1___.jpg\" class=\"attachment-full size-full wp-image-13688 wvs-archive-product-image\" alt=\"\" srcset=\"https:\/\/retailnetwork.shop\/wp-content\/uploads\/2026\/03\/0e49c372-9be9-415f-a6f2-188d64cfa740.__CR00970600_PT0_SX970_V1___.jpg 970w, https:\/\/retailnetwork.shop\/wp-content\/uploads\/2026\/03\/0e49c372-9be9-415f-a6f2-188d64cfa740.__CR00970600_PT0_SX970_V1___-300x186.jpg 300w, https:\/\/retailnetwork.shop\/wp-content\/uploads\/2026\/03\/0e49c372-9be9-415f-a6f2-188d64cfa740.__CR00970600_PT0_SX970_V1___-768x475.jpg 768w, https:\/\/retailnetwork.shop\/wp-content\/uploads\/2026\/03\/0e49c372-9be9-415f-a6f2-188d64cfa740.__CR00970600_PT0_SX970_V1___-18x12.jpg 18w, https:\/\/retailnetwork.shop\/wp-content\/uploads\/2026\/03\/0e49c372-9be9-415f-a6f2-188d64cfa740.__CR00970600_PT0_SX970_V1___-600x371.jpg 600w, https:\/\/retailnetwork.shop\/wp-content\/uploads\/2026\/03\/0e49c372-9be9-415f-a6f2-188d64cfa740.__CR00970600_PT0_SX970_V1___-1x1.jpg 1w, https:\/\/retailnetwork.shop\/wp-content\/uploads\/2026\/03\/0e49c372-9be9-415f-a6f2-188d64cfa740.__CR00970600_PT0_SX970_V1___-10x6.jpg 10w\" sizes=\"auto, (max-width: 970px) 100vw, 970px\" \/>\t\t\t\t\t\t\t\t\t\t\t\t\t\t\t<\/div>\n\t\t\t\t<\/div>\n\t\t\t\t<div class=\"elementor-element elementor-element-d75656b elementor-widget elementor-widget-image\" data-id=\"d75656b\" data-element_type=\"widget\" data-settings=\"{&quot;ekit_we_effect_on&quot;:&quot;none&quot;}\" data-widget_type=\"image.default\">\n\t\t\t\t<div class=\"elementor-widget-container\">\n\t\t\t\t\t\t\t\t\t\t\t\t\t\t\t<img loading=\"lazy\" decoding=\"async\" width=\"970\" height=\"600\" src=\"https:\/\/retailnetwork.shop\/wp-content\/uploads\/2026\/03\/6ba4c779-12e4-4763-8856-58200b1b5e1e.__CR0019401200_PT0_SX970_V1___.jpg\" class=\"attachment-full size-full wp-image-13689 wvs-archive-product-image\" alt=\"\" srcset=\"https:\/\/retailnetwork.shop\/wp-content\/uploads\/2026\/03\/6ba4c779-12e4-4763-8856-58200b1b5e1e.__CR0019401200_PT0_SX970_V1___.jpg 970w, https:\/\/retailnetwork.shop\/wp-content\/uploads\/2026\/03\/6ba4c779-12e4-4763-8856-58200b1b5e1e.__CR0019401200_PT0_SX970_V1___-300x186.jpg 300w, https:\/\/retailnetwork.shop\/wp-content\/uploads\/2026\/03\/6ba4c779-12e4-4763-8856-58200b1b5e1e.__CR0019401200_PT0_SX970_V1___-768x475.jpg 768w, https:\/\/retailnetwork.shop\/wp-content\/uploads\/2026\/03\/6ba4c779-12e4-4763-8856-58200b1b5e1e.__CR0019401200_PT0_SX970_V1___-18x12.jpg 18w, https:\/\/retailnetwork.shop\/wp-content\/uploads\/2026\/03\/6ba4c779-12e4-4763-8856-58200b1b5e1e.__CR0019401200_PT0_SX970_V1___-600x371.jpg 600w, https:\/\/retailnetwork.shop\/wp-content\/uploads\/2026\/03\/6ba4c779-12e4-4763-8856-58200b1b5e1e.__CR0019401200_PT0_SX970_V1___-1x1.jpg 1w, https:\/\/retailnetwork.shop\/wp-content\/uploads\/2026\/03\/6ba4c779-12e4-4763-8856-58200b1b5e1e.__CR0019401200_PT0_SX970_V1___-10x6.jpg 10w\" sizes=\"auto, (max-width: 970px) 100vw, 970px\" \/>\t\t\t\t\t\t\t\t\t\t\t\t\t\t\t<\/div>\n\t\t\t\t<\/div>\n\t\t\t\t<div class=\"elementor-element elementor-element-1520b612 elementor-widget elementor-widget-image\" data-id=\"1520b612\" data-element_type=\"widget\" data-settings=\"{&quot;ekit_we_effect_on&quot;:&quot;none&quot;}\" data-widget_type=\"image.default\">\n\t\t\t\t<div class=\"elementor-widget-container\">\n\t\t\t\t\t\t\t\t\t\t\t\t\t\t\t<img loading=\"lazy\" decoding=\"async\" width=\"970\" height=\"600\" src=\"https:\/\/retailnetwork.shop\/wp-content\/uploads\/2026\/03\/17233bef-6b11-4f56-9d94-f34739bda98d.__CR0019401200_PT0_SX970_V1___.jpg\" class=\"attachment-full size-full wp-image-13690 wvs-archive-product-image\" alt=\"\" srcset=\"https:\/\/retailnetwork.shop\/wp-content\/uploads\/2026\/03\/17233bef-6b11-4f56-9d94-f34739bda98d.__CR0019401200_PT0_SX970_V1___.jpg 970w, https:\/\/retailnetwork.shop\/wp-content\/uploads\/2026\/03\/17233bef-6b11-4f56-9d94-f34739bda98d.__CR0019401200_PT0_SX970_V1___-300x186.jpg 300w, https:\/\/retailnetwork.shop\/wp-content\/uploads\/2026\/03\/17233bef-6b11-4f56-9d94-f34739bda98d.__CR0019401200_PT0_SX970_V1___-768x475.jpg 768w, https:\/\/retailnetwork.shop\/wp-content\/uploads\/2026\/03\/17233bef-6b11-4f56-9d94-f34739bda98d.__CR0019401200_PT0_SX970_V1___-18x12.jpg 18w, https:\/\/retailnetwork.shop\/wp-content\/uploads\/2026\/03\/17233bef-6b11-4f56-9d94-f34739bda98d.__CR0019401200_PT0_SX970_V1___-600x371.jpg 600w, https:\/\/retailnetwork.shop\/wp-content\/uploads\/2026\/03\/17233bef-6b11-4f56-9d94-f34739bda98d.__CR0019401200_PT0_SX970_V1___-1x1.jpg 1w, https:\/\/retailnetwork.shop\/wp-content\/uploads\/2026\/03\/17233bef-6b11-4f56-9d94-f34739bda98d.__CR0019401200_PT0_SX970_V1___-10x6.jpg 10w\" sizes=\"auto, (max-width: 970px) 100vw, 970px\" \/>\t\t\t\t\t\t\t\t\t\t\t\t\t\t\t<\/div>\n\t\t\t\t<\/div>\n\t\t\t\t<div class=\"elementor-element elementor-element-3c414e27 elementor-widget elementor-widget-image\" data-id=\"3c414e27\" data-element_type=\"widget\" data-settings=\"{&quot;ekit_we_effect_on&quot;:&quot;none&quot;}\" data-widget_type=\"image.default\">\n\t\t\t\t<div class=\"elementor-widget-container\">\n\t\t\t\t\t\t\t\t\t\t\t\t\t\t\t<img loading=\"lazy\" decoding=\"async\" width=\"970\" height=\"600\" src=\"https:\/\/retailnetwork.shop\/wp-content\/uploads\/2026\/03\/9e72cf7f-47f8-4b60-82c2-89a72e713619.__CR0019401200_PT0_SX970_V1___.jpg\" class=\"attachment-full size-full wp-image-13691 wvs-archive-product-image\" alt=\"\" srcset=\"https:\/\/retailnetwork.shop\/wp-content\/uploads\/2026\/03\/9e72cf7f-47f8-4b60-82c2-89a72e713619.__CR0019401200_PT0_SX970_V1___.jpg 970w, https:\/\/retailnetwork.shop\/wp-content\/uploads\/2026\/03\/9e72cf7f-47f8-4b60-82c2-89a72e713619.__CR0019401200_PT0_SX970_V1___-300x186.jpg 300w, https:\/\/retailnetwork.shop\/wp-content\/uploads\/2026\/03\/9e72cf7f-47f8-4b60-82c2-89a72e713619.__CR0019401200_PT0_SX970_V1___-768x475.jpg 768w, https:\/\/retailnetwork.shop\/wp-content\/uploads\/2026\/03\/9e72cf7f-47f8-4b60-82c2-89a72e713619.__CR0019401200_PT0_SX970_V1___-18x12.jpg 18w, https:\/\/retailnetwork.shop\/wp-content\/uploads\/2026\/03\/9e72cf7f-47f8-4b60-82c2-89a72e713619.__CR0019401200_PT0_SX970_V1___-600x371.jpg 600w, https:\/\/retailnetwork.shop\/wp-content\/uploads\/2026\/03\/9e72cf7f-47f8-4b60-82c2-89a72e713619.__CR0019401200_PT0_SX970_V1___-1x1.jpg 1w, https:\/\/retailnetwork.shop\/wp-content\/uploads\/2026\/03\/9e72cf7f-47f8-4b60-82c2-89a72e713619.__CR0019401200_PT0_SX970_V1___-10x6.jpg 10w\" sizes=\"auto, (max-width: 970px) 100vw, 970px\" \/>\t\t\t\t\t\t\t\t\t\t\t\t\t\t\t<\/div>\n\t\t\t\t<\/div>\n\t\t\t\t<div class=\"elementor-element elementor-element-2ffea9ea elementor-widget elementor-widget-image\" data-id=\"2ffea9ea\" data-element_type=\"widget\" data-settings=\"{&quot;ekit_we_effect_on&quot;:&quot;none&quot;}\" data-widget_type=\"image.default\">\n\t\t\t\t<div class=\"elementor-widget-container\">\n\t\t\t\t\t\t\t\t\t\t\t\t\t\t\t<img loading=\"lazy\" decoding=\"async\" width=\"970\" height=\"600\" src=\"https:\/\/retailnetwork.shop\/wp-content\/uploads\/2026\/03\/a09d4d0b-1506-4adb-9527-7fc5e7f3cf07.__CR0019401200_PT0_SX970_V1___.jpg\" class=\"attachment-full size-full wp-image-13692 wvs-archive-product-image\" alt=\"\" srcset=\"https:\/\/retailnetwork.shop\/wp-content\/uploads\/2026\/03\/a09d4d0b-1506-4adb-9527-7fc5e7f3cf07.__CR0019401200_PT0_SX970_V1___.jpg 970w, https:\/\/retailnetwork.shop\/wp-content\/uploads\/2026\/03\/a09d4d0b-1506-4adb-9527-7fc5e7f3cf07.__CR0019401200_PT0_SX970_V1___-300x186.jpg 300w, https:\/\/retailnetwork.shop\/wp-content\/uploads\/2026\/03\/a09d4d0b-1506-4adb-9527-7fc5e7f3cf07.__CR0019401200_PT0_SX970_V1___-768x475.jpg 768w, https:\/\/retailnetwork.shop\/wp-content\/uploads\/2026\/03\/a09d4d0b-1506-4adb-9527-7fc5e7f3cf07.__CR0019401200_PT0_SX970_V1___-18x12.jpg 18w, https:\/\/retailnetwork.shop\/wp-content\/uploads\/2026\/03\/a09d4d0b-1506-4adb-9527-7fc5e7f3cf07.__CR0019401200_PT0_SX970_V1___-600x371.jpg 600w, https:\/\/retailnetwork.shop\/wp-content\/uploads\/2026\/03\/a09d4d0b-1506-4adb-9527-7fc5e7f3cf07.__CR0019401200_PT0_SX970_V1___-1x1.jpg 1w, https:\/\/retailnetwork.shop\/wp-content\/uploads\/2026\/03\/a09d4d0b-1506-4adb-9527-7fc5e7f3cf07.__CR0019401200_PT0_SX970_V1___-10x6.jpg 10w\" sizes=\"auto, (max-width: 970px) 100vw, 970px\" \/>\t\t\t\t\t\t\t\t\t\t\t\t\t\t\t<\/div>\n\t\t\t\t<\/div>\n\t\t\t\t\t<\/div>\n\t\t\t\t<\/div>\n\t\t\t\t<\/div>","protected":false},"excerpt":{"rendered":"<p class=\"ds-markdown-paragraph\"><strong>Acerca de este producto<\/strong><\/p>\n<p class=\"ds-markdown-paragraph\">\ud83d\udc41\ufe0f\u00a0<strong>Pantalla LED Animada para Parabrisas<\/strong><\/p>\n<ul>\n<li>\n<p class=\"ds-markdown-paragraph\">Medidas: 52\u2033 x 7.48\u2033<\/p>\n<\/li>\n<li>\n<p class=\"ds-markdown-paragraph\">App de control: Cambia dise\u00f1os de \u201cojos\u201d a distancia + texto personalizable<\/p>\n<\/li>\n<\/ul>\n<p class=\"ds-markdown-paragraph\">\ud83d\ude98\u00a0<strong>2 Pantallas Duales - Decoraci\u00f3n Universal<\/strong><\/p>\n<ul>\n<li>\n<p class=\"ds-markdown-paragraph\">Tama\u00f1o: 2 unidades de 23.62\u2033 x 4.72\u2033<\/p>\n<\/li>\n<li>\n<p class=\"ds-markdown-paragraph\">Compatible: Coches, camiones, furgonetas, jeeps<\/p>\n<\/li>\n<li>\n<p class=\"ds-markdown-paragraph\">Instalaci\u00f3n f\u00e1cil + alimentaci\u00f3n USB incluida<\/p>\n<\/li>\n<\/ul>\n<p class=\"ds-markdown-paragraph\">\ud83d\udca1\u00a0<strong>Uso Flexible y Divertido<\/strong><\/p>\n<ul>\n<li>\n<p class=\"ds-markdown-paragraph\">Se coloca en parabrisas o luneta trasera<\/p>\n<\/li>\n<li>\n<p class=\"ds-markdown-paragraph\">Se conecta a un cargador, power bank o USB<\/p>\n<\/li>\n<li>\n<p class=\"ds-markdown-paragraph\">\u00a1Sorprende a otros conductores!<\/p>\n<\/li>\n<\/ul>","protected":false},"featured_media":13675,"comment_status":"open","ping_status":"closed","template":"","meta":{"_acf_changed":false},"etheme_brands":[],"product_brand":[],"product_cat":[118],"product_tag":[],"class_list":{"0":"post-13671","1":"product","2":"type-product","3":"status-publish","4":"has-post-thumbnail","6":"product_cat-sale-shop","8":"first","9":"instock","10":"sale","11":"shipping-taxable","12":"purchasable","13":"product-type-variable","14":"has-default-attributes","15":"wvs-archive-product-wrapper"},"acf":[],"_links":{"self":[{"href":"https:\/\/retailnetwork.shop\/es\/wp-json\/wp\/v2\/product\/13671","targetHints":{"allow":["GET"]}}],"collection":[{"href":"https:\/\/retailnetwork.shop\/es\/wp-json\/wp\/v2\/product"}],"about":[{"href":"https:\/\/retailnetwork.shop\/es\/wp-json\/wp\/v2\/types\/product"}],"replies":[{"embeddable":true,"href":"https:\/\/retailnetwork.shop\/es\/wp-json\/wp\/v2\/comments?post=13671"}],"version-history":[{"count":4,"href":"https:\/\/retailnetwork.shop\/es\/wp-json\/wp\/v2\/product\/13671\/revisions"}],"predecessor-version":[{"id":13700,"href":"https:\/\/retailnetwork.shop\/es\/wp-json\/wp\/v2\/product\/13671\/revisions\/13700"}],"wp:featuredmedia":[{"embeddable":true,"href":"https:\/\/retailnetwork.shop\/es\/wp-json\/wp\/v2\/media\/13675"}],"wp:attachment":[{"href":"https:\/\/retailnetwork.shop\/es\/wp-json\/wp\/v2\/media?parent=13671"}],"wp:term":[{"taxonomy":"brand","embeddable":true,"href":"https:\/\/retailnetwork.shop\/es\/wp-json\/wp\/v2\/etheme_brands?post=13671"},{"taxonomy":"product_brand","embeddable":true,"href":"https:\/\/retailnetwork.shop\/es\/wp-json\/wp\/v2\/product_brand?post=13671"},{"taxonomy":"product_cat","embeddable":true,"href":"https:\/\/retailnetwork.shop\/es\/wp-json\/wp\/v2\/product_cat?post=13671"},{"taxonomy":"product_tag","embeddable":true,"href":"https:\/\/retailnetwork.shop\/es\/wp-json\/wp\/v2\/product_tag?post=13671"}],"curies":[{"name":"wp","href":"https:\/\/api.w.org\/{rel}","templated":true}]}}