{"id":13395,"date":"2026-02-10T02:26:41","date_gmt":"2026-02-10T02:26:41","guid":{"rendered":"https:\/\/retailnetwork.shop\/?post_type=product&#038;p=13395"},"modified":"2026-02-10T02:31:32","modified_gmt":"2026-02-10T02:31:32","slug":"intelligent-coffee-cup-with-lid-1-3-counts-automatic-stirring-cup-with-temperature-display-usb-rechargeable-stirring-cup-for-coffee-tea-hot-chocolate-gift","status":"publish","type":"product","link":"https:\/\/retailnetwork.shop\/es\/producto\/intelligent-coffee-cup-with-lid-1-3-counts-automatic-stirring-cup-with-temperature-display-usb-rechargeable-stirring-cup-for-coffee-tea-hot-chocolate-gift\/","title":{"rendered":"Taza de caf\u00e9 inteligente con tapa, taza agitadora autom\u00e1tica de 1\/3 con indicador de temperatura, taza agitadora recargable por USB para caf\u00e9, t\u00e9, chocolate caliente, regalo"},"content":{"rendered":"<div data-elementor-type=\"product-post\" data-elementor-id=\"13395\" class=\"elementor elementor-13395\" data-elementor-post-type=\"product\">\n\t\t\t\t<div class=\"elementor-element elementor-element-709b72ee e-flex e-con-boxed e-con e-parent\" data-id=\"709b72ee\" data-element_type=\"container\" data-settings=\"{&quot;ekit_has_onepagescroll_dot&quot;:&quot;yes&quot;}\">\n\t\t\t\t\t<div class=\"e-con-inner\">\n\t\t\t\t<div class=\"elementor-element elementor-element-109d9a11 elementor-widget elementor-widget-image\" data-id=\"109d9a11\" data-element_type=\"widget\" data-settings=\"{&quot;ekit_we_effect_on&quot;:&quot;none&quot;}\" data-widget_type=\"image.default\">\n\t\t\t\t<div class=\"elementor-widget-container\">\n\t\t\t\t\t\t\t\t\t\t\t\t\t\t\t<img loading=\"lazy\" decoding=\"async\" width=\"1464\" height=\"600\" src=\"https:\/\/retailnetwork.shop\/wp-content\/uploads\/2026\/02\/1-17.jpg\" class=\"attachment-full size-full wp-image-13408 wvs-archive-product-image\" alt=\"\" srcset=\"https:\/\/retailnetwork.shop\/wp-content\/uploads\/2026\/02\/1-17.jpg 1464w, https:\/\/retailnetwork.shop\/wp-content\/uploads\/2026\/02\/1-17-300x123.jpg 300w, https:\/\/retailnetwork.shop\/wp-content\/uploads\/2026\/02\/1-17-1024x420.jpg 1024w, https:\/\/retailnetwork.shop\/wp-content\/uploads\/2026\/02\/1-17-768x315.jpg 768w, https:\/\/retailnetwork.shop\/wp-content\/uploads\/2026\/02\/1-17-18x7.jpg 18w, https:\/\/retailnetwork.shop\/wp-content\/uploads\/2026\/02\/1-17-600x246.jpg 600w, https:\/\/retailnetwork.shop\/wp-content\/uploads\/2026\/02\/1-17-1x1.jpg 1w, https:\/\/retailnetwork.shop\/wp-content\/uploads\/2026\/02\/1-17-10x4.jpg 10w\" sizes=\"auto, (max-width: 1464px) 100vw, 1464px\" \/>\t\t\t\t\t\t\t\t\t\t\t\t\t\t\t<\/div>\n\t\t\t\t<\/div>\n\t\t\t\t\t<\/div>\n\t\t\t\t<\/div>\n\t\t<div class=\"elementor-element elementor-element-39ccdf23 e-flex e-con-boxed e-con e-parent\" data-id=\"39ccdf23\" data-element_type=\"container\" data-settings=\"{&quot;ekit_has_onepagescroll_dot&quot;:&quot;yes&quot;}\">\n\t\t\t\t\t<div class=\"e-con-inner\">\n\t\t\t\t<div class=\"elementor-element elementor-element-2fb65b97 elementor-widget elementor-widget-image\" data-id=\"2fb65b97\" data-element_type=\"widget\" data-settings=\"{&quot;ekit_we_effect_on&quot;:&quot;none&quot;}\" data-widget_type=\"image.default\">\n\t\t\t\t<div class=\"elementor-widget-container\">\n\t\t\t\t\t\t\t\t\t\t\t\t\t\t\t<img loading=\"lazy\" decoding=\"async\" width=\"1464\" height=\"600\" src=\"https:\/\/retailnetwork.shop\/wp-content\/uploads\/2026\/02\/2-10.jpg\" class=\"attachment-full size-full wp-image-13409 wvs-archive-product-image\" alt=\"\" srcset=\"https:\/\/retailnetwork.shop\/wp-content\/uploads\/2026\/02\/2-10.jpg 1464w, https:\/\/retailnetwork.shop\/wp-content\/uploads\/2026\/02\/2-10-300x123.jpg 300w, https:\/\/retailnetwork.shop\/wp-content\/uploads\/2026\/02\/2-10-1024x420.jpg 1024w, https:\/\/retailnetwork.shop\/wp-content\/uploads\/2026\/02\/2-10-768x315.jpg 768w, https:\/\/retailnetwork.shop\/wp-content\/uploads\/2026\/02\/2-10-18x7.jpg 18w, https:\/\/retailnetwork.shop\/wp-content\/uploads\/2026\/02\/2-10-600x246.jpg 600w, https:\/\/retailnetwork.shop\/wp-content\/uploads\/2026\/02\/2-10-1x1.jpg 1w, https:\/\/retailnetwork.shop\/wp-content\/uploads\/2026\/02\/2-10-10x4.jpg 10w\" sizes=\"auto, (max-width: 1464px) 100vw, 1464px\" \/>\t\t\t\t\t\t\t\t\t\t\t\t\t\t\t<\/div>\n\t\t\t\t<\/div>\n\t\t\t\t\t<\/div>\n\t\t\t\t<\/div>\n\t\t<div class=\"elementor-element elementor-element-3488a0ef e-flex e-con-boxed e-con e-parent\" data-id=\"3488a0ef\" data-element_type=\"container\" data-settings=\"{&quot;ekit_has_onepagescroll_dot&quot;:&quot;yes&quot;}\">\n\t\t\t\t\t<div class=\"e-con-inner\">\n\t\t\t\t<div class=\"elementor-element elementor-element-128c5b85 elementor-widget elementor-widget-image\" data-id=\"128c5b85\" data-element_type=\"widget\" data-settings=\"{&quot;ekit_we_effect_on&quot;:&quot;none&quot;}\" data-widget_type=\"image.default\">\n\t\t\t\t<div class=\"elementor-widget-container\">\n\t\t\t\t\t\t\t\t\t\t\t\t\t\t\t<img loading=\"lazy\" decoding=\"async\" width=\"1464\" height=\"600\" src=\"https:\/\/retailnetwork.shop\/wp-content\/uploads\/2026\/02\/3-12.jpg\" class=\"attachment-full size-full wp-image-13410 wvs-archive-product-image\" alt=\"\" srcset=\"https:\/\/retailnetwork.shop\/wp-content\/uploads\/2026\/02\/3-12.jpg 1464w, https:\/\/retailnetwork.shop\/wp-content\/uploads\/2026\/02\/3-12-300x123.jpg 300w, https:\/\/retailnetwork.shop\/wp-content\/uploads\/2026\/02\/3-12-1024x420.jpg 1024w, https:\/\/retailnetwork.shop\/wp-content\/uploads\/2026\/02\/3-12-768x315.jpg 768w, https:\/\/retailnetwork.shop\/wp-content\/uploads\/2026\/02\/3-12-18x7.jpg 18w, https:\/\/retailnetwork.shop\/wp-content\/uploads\/2026\/02\/3-12-600x246.jpg 600w, https:\/\/retailnetwork.shop\/wp-content\/uploads\/2026\/02\/3-12-1x1.jpg 1w, https:\/\/retailnetwork.shop\/wp-content\/uploads\/2026\/02\/3-12-10x4.jpg 10w\" sizes=\"auto, (max-width: 1464px) 100vw, 1464px\" \/>\t\t\t\t\t\t\t\t\t\t\t\t\t\t\t<\/div>\n\t\t\t\t<\/div>\n\t\t\t\t\t<\/div>\n\t\t\t\t<\/div>\n\t\t<div class=\"elementor-element elementor-element-5c258e95 e-flex e-con-boxed e-con e-parent\" data-id=\"5c258e95\" data-element_type=\"container\" data-settings=\"{&quot;ekit_has_onepagescroll_dot&quot;:&quot;yes&quot;}\">\n\t\t\t\t\t<div class=\"e-con-inner\">\n\t\t\t\t<div class=\"elementor-element elementor-element-18b19d20 elementor-widget elementor-widget-image\" data-id=\"18b19d20\" data-element_type=\"widget\" data-settings=\"{&quot;ekit_we_effect_on&quot;:&quot;none&quot;}\" data-widget_type=\"image.default\">\n\t\t\t\t<div class=\"elementor-widget-container\">\n\t\t\t\t\t\t\t\t\t\t\t\t\t\t\t<img loading=\"lazy\" decoding=\"async\" width=\"1464\" height=\"600\" src=\"https:\/\/retailnetwork.shop\/wp-content\/uploads\/2026\/02\/4-6.jpg\" class=\"attachment-full size-full wp-image-13411 wvs-archive-product-image\" alt=\"\" srcset=\"https:\/\/retailnetwork.shop\/wp-content\/uploads\/2026\/02\/4-6.jpg 1464w, https:\/\/retailnetwork.shop\/wp-content\/uploads\/2026\/02\/4-6-300x123.jpg 300w, https:\/\/retailnetwork.shop\/wp-content\/uploads\/2026\/02\/4-6-1024x420.jpg 1024w, https:\/\/retailnetwork.shop\/wp-content\/uploads\/2026\/02\/4-6-768x315.jpg 768w, https:\/\/retailnetwork.shop\/wp-content\/uploads\/2026\/02\/4-6-18x7.jpg 18w, https:\/\/retailnetwork.shop\/wp-content\/uploads\/2026\/02\/4-6-600x246.jpg 600w, https:\/\/retailnetwork.shop\/wp-content\/uploads\/2026\/02\/4-6-1x1.jpg 1w, https:\/\/retailnetwork.shop\/wp-content\/uploads\/2026\/02\/4-6-10x4.jpg 10w\" sizes=\"auto, (max-width: 1464px) 100vw, 1464px\" \/>\t\t\t\t\t\t\t\t\t\t\t\t\t\t\t<\/div>\n\t\t\t\t<\/div>\n\t\t\t\t\t<\/div>\n\t\t\t\t<\/div>\n\t\t<div class=\"elementor-element elementor-element-24dc3cff e-flex e-con-boxed e-con e-parent\" data-id=\"24dc3cff\" data-element_type=\"container\" data-settings=\"{&quot;ekit_has_onepagescroll_dot&quot;:&quot;yes&quot;}\">\n\t\t\t\t\t<div class=\"e-con-inner\">\n\t\t\t\t<div class=\"elementor-element elementor-element-1694bf12 elementor-widget elementor-widget-image\" data-id=\"1694bf12\" data-element_type=\"widget\" data-settings=\"{&quot;ekit_we_effect_on&quot;:&quot;none&quot;}\" data-widget_type=\"image.default\">\n\t\t\t\t<div class=\"elementor-widget-container\">\n\t\t\t\t\t\t\t\t\t\t\t\t\t\t\t<img loading=\"lazy\" decoding=\"async\" width=\"1464\" height=\"600\" src=\"https:\/\/retailnetwork.shop\/wp-content\/uploads\/2026\/02\/5-4.jpg\" class=\"attachment-full size-full wp-image-13412 wvs-archive-product-image\" alt=\"\" srcset=\"https:\/\/retailnetwork.shop\/wp-content\/uploads\/2026\/02\/5-4.jpg 1464w, https:\/\/retailnetwork.shop\/wp-content\/uploads\/2026\/02\/5-4-300x123.jpg 300w, https:\/\/retailnetwork.shop\/wp-content\/uploads\/2026\/02\/5-4-1024x420.jpg 1024w, https:\/\/retailnetwork.shop\/wp-content\/uploads\/2026\/02\/5-4-768x315.jpg 768w, https:\/\/retailnetwork.shop\/wp-content\/uploads\/2026\/02\/5-4-18x7.jpg 18w, https:\/\/retailnetwork.shop\/wp-content\/uploads\/2026\/02\/5-4-600x246.jpg 600w, https:\/\/retailnetwork.shop\/wp-content\/uploads\/2026\/02\/5-4-1x1.jpg 1w, https:\/\/retailnetwork.shop\/wp-content\/uploads\/2026\/02\/5-4-10x4.jpg 10w\" sizes=\"auto, (max-width: 1464px) 100vw, 1464px\" \/>\t\t\t\t\t\t\t\t\t\t\t\t\t\t\t<\/div>\n\t\t\t\t<\/div>\n\t\t\t\t\t<\/div>\n\t\t\t\t<\/div>\n\t\t<div class=\"elementor-element elementor-element-8e59a17 e-flex e-con-boxed e-con e-parent\" data-id=\"8e59a17\" data-element_type=\"container\" data-settings=\"{&quot;ekit_has_onepagescroll_dot&quot;:&quot;yes&quot;}\">\n\t\t\t\t\t<div class=\"e-con-inner\">\n\t\t\t\t<div class=\"elementor-element elementor-element-5c52dd4b elementor-widget elementor-widget-video\" data-id=\"5c52dd4b\" data-element_type=\"widget\" data-settings=\"{&quot;video_type&quot;:&quot;hosted&quot;,&quot;controls&quot;:&quot;yes&quot;,&quot;ekit_we_effect_on&quot;:&quot;none&quot;}\" data-widget_type=\"video.default\">\n\t\t\t\t<div class=\"elementor-widget-container\">\n\t\t\t\t\t\t\t<div class=\"e-hosted-video elementor-wrapper elementor-open-inline\">\n\t\t\t\t\t<video class=\"elementor-video\" src=\"https:\/\/retailnetwork.shop\/wp-content\/uploads\/2026\/02\/video_2026-02-04_22-56-10.mp4\" controls=\"\" preload=\"metadata\" controlslist=\"nodownload\"><\/video>\n\t\t\t\t<\/div>\n\t\t\t\t\t\t<\/div>\n\t\t\t\t<\/div>\n\t\t\t\t\t<\/div>\n\t\t\t\t<\/div>\n\t\t<div class=\"elementor-element elementor-element-1d4b0c6a e-flex e-con-boxed e-con e-parent\" data-id=\"1d4b0c6a\" data-element_type=\"container\" data-settings=\"{&quot;ekit_has_onepagescroll_dot&quot;:&quot;yes&quot;}\">\n\t\t\t\t\t<div class=\"e-con-inner\">\n\t\t\t\t<div class=\"elementor-element elementor-element-61b119e elementor-widget elementor-widget-text-editor\" data-id=\"61b119e\" data-element_type=\"widget\" data-settings=\"{&quot;ekit_we_effect_on&quot;:&quot;none&quot;}\" data-widget_type=\"text-editor.default\">\n\t\t\t\t<div class=\"elementor-widget-container\">\n\t\t\t\t\t\t\t\t\t<h1 class=\"a-size-base-plus a-text-bold\">Acerca de este art\u00edculo<\/h1><ul class=\"a-unordered-list a-vertical a-spacing-mini\"><li class=\"a-spacing-mini\"><span class=\"a-list-item\">Agitaci\u00f3n autom\u00e1tica: Basta con colocar la perla magn\u00e9tica en el fondo de la taza de caf\u00e9 el\u00e9ctrica. Pulse dos veces el bot\u00f3n del asa para empezar a remover y pulse una vez m\u00e1s para parar. En 20 segundos, mezcla de forma autom\u00e1tica y uniforme bebidas como caf\u00e9 y prote\u00ednas en polvo, eliminando por completo los problemas de aglutinaci\u00f3n.<\/span><\/li><li class=\"a-spacing-mini\"><span class=\"a-list-item\">Pantalla de temperatura en tiempo real: La pantalla del asa muestra con precisi\u00f3n la temperatura del l\u00edquido dentro de la taza en tiempo real, evitando eficazmente quemaduras en la boca al beber. Combinado con un dise\u00f1o a prueba de fugas, un cuerpo de taza resistente al calor y una tapa a prueba de salpicaduras, evita los derrames y permite beber c\u00f3modamente en cualquier momento.<\/span><\/li><li class=\"a-spacing-mini\"><span class=\"a-list-item\">Materiales seguros de primera calidad: Hecho de acero inoxidable 316 de calidad alimentaria y pl\u00e1stico ABS de calidad alimentaria, lo que garantiza la seguridad, la no toxicidad y la resistencia a la corrosi\u00f3n. El aislamiento de doble pared mantiene las bebidas calientes sin quemarte las manos. La construcci\u00f3n sin costuras evita fugas y resiste el desgaste. Simplemente acl\u00e1relo despu\u00e9s de usarlo; no lo lave en el lavavajillas ni lo ponga en remojo.<\/span><\/li><li class=\"a-spacing-mini\"><span class=\"a-list-item\">Bater\u00eda de larga duraci\u00f3n y carga flexible: Puerto de carga universal Type-C compatible con port\u00e1tiles, power banks, cargadores de coche y mucho m\u00e1s. Ideal para viajes o uso diario. Pulsa un bot\u00f3n para comprobar el nivel de bater\u00eda y la temperatura.<\/span><\/li><li class=\"a-spacing-mini\"><span class=\"a-list-item\">Dise\u00f1o cuidado y regalo perfecto: El asa ergon\u00f3mica y la base antideslizante garantizan un agarre c\u00f3modo y una colocaci\u00f3n estable. Esta taza autoagitadora es un regalo perfecto para cumplea\u00f1os, vacaciones o compa\u00f1eros de trabajo.<\/span><\/li><li class=\"a-spacing-mini\"><span class=\"a-list-item\">Consejos: La taza de caf\u00e9 de agitaci\u00f3n autom\u00e1tica puede agitar autom\u00e1ticamente y mostrar la temperatura, pero no tiene funci\u00f3n de calentamiento.<\/span><\/li><\/ul>\t\t\t\t\t\t\t\t<\/div>\n\t\t\t\t<\/div>\n\t\t\t\t\t<\/div>\n\t\t\t\t<\/div>\n\t\t\t\t<\/div>","protected":false},"excerpt":{"rendered":"<p>https:\/\/retailnetwork.shop\/wp-content\/uploads\/2026\/02\/video_2026-02-04_22-56-10.mp4 About this item Automatic Stirring: Simply place the magnetic bead at the bottom of the electric coffee cup. Double-click&#8230;<\/p>","protected":false},"featured_media":13399,"comment_status":"open","ping_status":"closed","template":"","meta":{"_acf_changed":false},"etheme_brands":[],"product_brand":[],"product_cat":[127,118],"product_tag":[],"class_list":{"0":"post-13395","1":"product","2":"type-product","3":"status-publish","4":"has-post-thumbnail","6":"product_cat-dao","7":"product_cat-sale-shop","9":"first","10":"instock","11":"sale","12":"shipping-taxable","13":"purchasable","14":"product-type-variable","15":"has-default-attributes","16":"wvs-archive-product-wrapper"},"acf":[],"_links":{"self":[{"href":"https:\/\/retailnetwork.shop\/es\/wp-json\/wp\/v2\/product\/13395","targetHints":{"allow":["GET"]}}],"collection":[{"href":"https:\/\/retailnetwork.shop\/es\/wp-json\/wp\/v2\/product"}],"about":[{"href":"https:\/\/retailnetwork.shop\/es\/wp-json\/wp\/v2\/types\/product"}],"replies":[{"embeddable":true,"href":"https:\/\/retailnetwork.shop\/es\/wp-json\/wp\/v2\/comments?post=13395"}],"version-history":[{"count":4,"href":"https:\/\/retailnetwork.shop\/es\/wp-json\/wp\/v2\/product\/13395\/revisions"}],"predecessor-version":[{"id":13422,"href":"https:\/\/retailnetwork.shop\/es\/wp-json\/wp\/v2\/product\/13395\/revisions\/13422"}],"wp:featuredmedia":[{"embeddable":true,"href":"https:\/\/retailnetwork.shop\/es\/wp-json\/wp\/v2\/media\/13399"}],"wp:attachment":[{"href":"https:\/\/retailnetwork.shop\/es\/wp-json\/wp\/v2\/media?parent=13395"}],"wp:term":[{"taxonomy":"brand","embeddable":true,"href":"https:\/\/retailnetwork.shop\/es\/wp-json\/wp\/v2\/etheme_brands?post=13395"},{"taxonomy":"product_brand","embeddable":true,"href":"https:\/\/retailnetwork.shop\/es\/wp-json\/wp\/v2\/product_brand?post=13395"},{"taxonomy":"product_cat","embeddable":true,"href":"https:\/\/retailnetwork.shop\/es\/wp-json\/wp\/v2\/product_cat?post=13395"},{"taxonomy":"product_tag","embeddable":true,"href":"https:\/\/retailnetwork.shop\/es\/wp-json\/wp\/v2\/product_tag?post=13395"}],"curies":[{"name":"wp","href":"https:\/\/api.w.org\/{rel}","templated":true}]}}