{"id":13299,"date":"2026-02-08T02:13:53","date_gmt":"2026-02-08T02:13:53","guid":{"rendered":"https:\/\/retailnetwork.shop\/?post_type=product&#038;p=13299"},"modified":"2026-02-08T02:24:37","modified_gmt":"2026-02-08T02:24:37","slug":"miniso-ms180-auriculares-bluetooth-con-funcion-de-traduccion-admite-134-idiomas-y-4-modos-de-traduccion-33-horas-de-tiempo-de-reproduccion-estereo-de-alta-fidelidad-con-pantalla-led-digital-comod","status":"publish","type":"product","link":"https:\/\/retailnetwork.shop\/es\/producto\/miniso-ms180-auriculares-bluetooth-con-funcion-de-traduccion-admite-134-idiomas-y-4-modos-de-traduccion-33-horas-de-tiempo-de-reproduccion-estereo-de-alta-fidelidad-con-pantalla-led-digital-comod\/","title":{"rendered":"MINISO MS180 Auriculares Bluetooth con funci\u00f3n de traducci\u00f3n, admite 134 idiomas y 4 modos de traducci\u00f3n, 33 horas de tiempo de reproducci\u00f3n, est\u00e9reo de alta fidelidad, con pantalla LED digital, c\u00f3modos de llevar, adecuados para viajes, estudio y trabajo."},"content":{"rendered":"<div data-elementor-type=\"product-post\" data-elementor-id=\"13299\" class=\"elementor elementor-13299\" data-elementor-post-type=\"product\">\n\t\t\t\t<div class=\"elementor-element elementor-element-7a661a6c e-flex e-con-boxed e-con e-parent\" data-id=\"7a661a6c\" data-element_type=\"container\" data-settings=\"{&quot;ekit_has_onepagescroll_dot&quot;:&quot;yes&quot;}\">\n\t\t\t\t\t<div class=\"e-con-inner\">\n\t\t\t\t<div class=\"elementor-element elementor-element-4c90c9a5 elementor-widget elementor-widget-text-editor\" data-id=\"4c90c9a5\" data-element_type=\"widget\" data-settings=\"{&quot;ekit_we_effect_on&quot;:&quot;none&quot;}\" data-widget_type=\"text-editor.default\">\n\t\t\t\t<div class=\"elementor-widget-container\">\n\t\t\t\t\t\t\t\t\t<hr class=\"bucketDivider\" noshade=\"noshade\" size=\"1\" \/><h2 style=\"text-align: center;\">Descripci\u00f3n del producto<\/h2>\t\t\t\t\t\t\t\t<\/div>\n\t\t\t\t<\/div>\n\t\t\t\t<div class=\"elementor-element elementor-element-5748fc93 elementor-widget elementor-widget-image\" data-id=\"5748fc93\" data-element_type=\"widget\" data-settings=\"{&quot;ekit_we_effect_on&quot;:&quot;none&quot;}\" data-widget_type=\"image.default\">\n\t\t\t\t<div class=\"elementor-widget-container\">\n\t\t\t\t\t\t\t\t\t\t\t\t\t\t\t<img loading=\"lazy\" decoding=\"async\" width=\"1464\" height=\"600\" src=\"https:\/\/retailnetwork.shop\/wp-content\/uploads\/2026\/02\/21232384-43c7-47b0-80b5-120d3cd86e5c.__CR001464600_PT0_SX1464_V1___.jpg\" class=\"attachment-full size-full wp-image-13314 wvs-archive-product-image\" alt=\"\" srcset=\"https:\/\/retailnetwork.shop\/wp-content\/uploads\/2026\/02\/21232384-43c7-47b0-80b5-120d3cd86e5c.__CR001464600_PT0_SX1464_V1___.jpg 1464w, https:\/\/retailnetwork.shop\/wp-content\/uploads\/2026\/02\/21232384-43c7-47b0-80b5-120d3cd86e5c.__CR001464600_PT0_SX1464_V1___-300x123.jpg 300w, https:\/\/retailnetwork.shop\/wp-content\/uploads\/2026\/02\/21232384-43c7-47b0-80b5-120d3cd86e5c.__CR001464600_PT0_SX1464_V1___-1024x420.jpg 1024w, https:\/\/retailnetwork.shop\/wp-content\/uploads\/2026\/02\/21232384-43c7-47b0-80b5-120d3cd86e5c.__CR001464600_PT0_SX1464_V1___-768x315.jpg 768w, https:\/\/retailnetwork.shop\/wp-content\/uploads\/2026\/02\/21232384-43c7-47b0-80b5-120d3cd86e5c.__CR001464600_PT0_SX1464_V1___-18x7.jpg 18w, https:\/\/retailnetwork.shop\/wp-content\/uploads\/2026\/02\/21232384-43c7-47b0-80b5-120d3cd86e5c.__CR001464600_PT0_SX1464_V1___-600x246.jpg 600w, https:\/\/retailnetwork.shop\/wp-content\/uploads\/2026\/02\/21232384-43c7-47b0-80b5-120d3cd86e5c.__CR001464600_PT0_SX1464_V1___-1x1.jpg 1w, https:\/\/retailnetwork.shop\/wp-content\/uploads\/2026\/02\/21232384-43c7-47b0-80b5-120d3cd86e5c.__CR001464600_PT0_SX1464_V1___-10x4.jpg 10w\" sizes=\"auto, (max-width: 1464px) 100vw, 1464px\" \/>\t\t\t\t\t\t\t\t\t\t\t\t\t\t\t<\/div>\n\t\t\t\t<\/div>\n\t\t\t\t<div class=\"elementor-element elementor-element-4d84a404 elementor-widget elementor-widget-image\" data-id=\"4d84a404\" data-element_type=\"widget\" data-settings=\"{&quot;ekit_we_effect_on&quot;:&quot;none&quot;}\" data-widget_type=\"image.default\">\n\t\t\t\t<div class=\"elementor-widget-container\">\n\t\t\t\t\t\t\t\t\t\t\t\t\t\t\t<img loading=\"lazy\" decoding=\"async\" width=\"1464\" height=\"600\" src=\"https:\/\/retailnetwork.shop\/wp-content\/uploads\/2026\/02\/7507d95b-9912-4113-a064-24408f61aa6b.__CR001464600_PT0_SX1464_V1___.jpg\" class=\"attachment-full size-full wp-image-13315 wvs-archive-product-image\" alt=\"\" srcset=\"https:\/\/retailnetwork.shop\/wp-content\/uploads\/2026\/02\/7507d95b-9912-4113-a064-24408f61aa6b.__CR001464600_PT0_SX1464_V1___.jpg 1464w, https:\/\/retailnetwork.shop\/wp-content\/uploads\/2026\/02\/7507d95b-9912-4113-a064-24408f61aa6b.__CR001464600_PT0_SX1464_V1___-300x123.jpg 300w, https:\/\/retailnetwork.shop\/wp-content\/uploads\/2026\/02\/7507d95b-9912-4113-a064-24408f61aa6b.__CR001464600_PT0_SX1464_V1___-1024x420.jpg 1024w, https:\/\/retailnetwork.shop\/wp-content\/uploads\/2026\/02\/7507d95b-9912-4113-a064-24408f61aa6b.__CR001464600_PT0_SX1464_V1___-768x315.jpg 768w, https:\/\/retailnetwork.shop\/wp-content\/uploads\/2026\/02\/7507d95b-9912-4113-a064-24408f61aa6b.__CR001464600_PT0_SX1464_V1___-18x7.jpg 18w, https:\/\/retailnetwork.shop\/wp-content\/uploads\/2026\/02\/7507d95b-9912-4113-a064-24408f61aa6b.__CR001464600_PT0_SX1464_V1___-600x246.jpg 600w, https:\/\/retailnetwork.shop\/wp-content\/uploads\/2026\/02\/7507d95b-9912-4113-a064-24408f61aa6b.__CR001464600_PT0_SX1464_V1___-1x1.jpg 1w, https:\/\/retailnetwork.shop\/wp-content\/uploads\/2026\/02\/7507d95b-9912-4113-a064-24408f61aa6b.__CR001464600_PT0_SX1464_V1___-10x4.jpg 10w\" sizes=\"auto, (max-width: 1464px) 100vw, 1464px\" \/>\t\t\t\t\t\t\t\t\t\t\t\t\t\t\t<\/div>\n\t\t\t\t<\/div>\n\t\t\t\t<div class=\"elementor-element elementor-element-7d96d8c8 elementor-widget elementor-widget-image\" data-id=\"7d96d8c8\" data-element_type=\"widget\" data-settings=\"{&quot;ekit_we_effect_on&quot;:&quot;none&quot;}\" data-widget_type=\"image.default\">\n\t\t\t\t<div class=\"elementor-widget-container\">\n\t\t\t\t\t\t\t\t\t\t\t\t\t\t\t<img loading=\"lazy\" decoding=\"async\" width=\"1464\" height=\"600\" src=\"https:\/\/retailnetwork.shop\/wp-content\/uploads\/2026\/02\/7322e7c9-b0df-4415-b9f9-89f316b21ef9.__CR001464600_PT0_SX1464_V1___-1.jpg\" class=\"attachment-full size-full wp-image-13316 wvs-archive-product-image\" alt=\"\" srcset=\"https:\/\/retailnetwork.shop\/wp-content\/uploads\/2026\/02\/7322e7c9-b0df-4415-b9f9-89f316b21ef9.__CR001464600_PT0_SX1464_V1___-1.jpg 1464w, https:\/\/retailnetwork.shop\/wp-content\/uploads\/2026\/02\/7322e7c9-b0df-4415-b9f9-89f316b21ef9.__CR001464600_PT0_SX1464_V1___-1-300x123.jpg 300w, https:\/\/retailnetwork.shop\/wp-content\/uploads\/2026\/02\/7322e7c9-b0df-4415-b9f9-89f316b21ef9.__CR001464600_PT0_SX1464_V1___-1-1024x420.jpg 1024w, https:\/\/retailnetwork.shop\/wp-content\/uploads\/2026\/02\/7322e7c9-b0df-4415-b9f9-89f316b21ef9.__CR001464600_PT0_SX1464_V1___-1-768x315.jpg 768w, https:\/\/retailnetwork.shop\/wp-content\/uploads\/2026\/02\/7322e7c9-b0df-4415-b9f9-89f316b21ef9.__CR001464600_PT0_SX1464_V1___-1-18x7.jpg 18w, https:\/\/retailnetwork.shop\/wp-content\/uploads\/2026\/02\/7322e7c9-b0df-4415-b9f9-89f316b21ef9.__CR001464600_PT0_SX1464_V1___-1-600x246.jpg 600w, https:\/\/retailnetwork.shop\/wp-content\/uploads\/2026\/02\/7322e7c9-b0df-4415-b9f9-89f316b21ef9.__CR001464600_PT0_SX1464_V1___-1-1x1.jpg 1w, https:\/\/retailnetwork.shop\/wp-content\/uploads\/2026\/02\/7322e7c9-b0df-4415-b9f9-89f316b21ef9.__CR001464600_PT0_SX1464_V1___-1-10x4.jpg 10w\" sizes=\"auto, (max-width: 1464px) 100vw, 1464px\" \/>\t\t\t\t\t\t\t\t\t\t\t\t\t\t\t<\/div>\n\t\t\t\t<\/div>\n\t\t\t\t<div class=\"elementor-element elementor-element-32786431 elementor-widget elementor-widget-image\" data-id=\"32786431\" data-element_type=\"widget\" data-settings=\"{&quot;ekit_we_effect_on&quot;:&quot;none&quot;}\" data-widget_type=\"image.default\">\n\t\t\t\t<div class=\"elementor-widget-container\">\n\t\t\t\t\t\t\t\t\t\t\t\t\t\t\t<img loading=\"lazy\" decoding=\"async\" width=\"1464\" height=\"600\" src=\"https:\/\/retailnetwork.shop\/wp-content\/uploads\/2026\/02\/8167161c-ef54-4b4b-a34a-769dbcc0212f.__CR001464600_PT0_SX1464_V1___.jpg\" class=\"attachment-full size-full wp-image-13317 wvs-archive-product-image\" alt=\"\" srcset=\"https:\/\/retailnetwork.shop\/wp-content\/uploads\/2026\/02\/8167161c-ef54-4b4b-a34a-769dbcc0212f.__CR001464600_PT0_SX1464_V1___.jpg 1464w, https:\/\/retailnetwork.shop\/wp-content\/uploads\/2026\/02\/8167161c-ef54-4b4b-a34a-769dbcc0212f.__CR001464600_PT0_SX1464_V1___-300x123.jpg 300w, https:\/\/retailnetwork.shop\/wp-content\/uploads\/2026\/02\/8167161c-ef54-4b4b-a34a-769dbcc0212f.__CR001464600_PT0_SX1464_V1___-1024x420.jpg 1024w, https:\/\/retailnetwork.shop\/wp-content\/uploads\/2026\/02\/8167161c-ef54-4b4b-a34a-769dbcc0212f.__CR001464600_PT0_SX1464_V1___-768x315.jpg 768w, https:\/\/retailnetwork.shop\/wp-content\/uploads\/2026\/02\/8167161c-ef54-4b4b-a34a-769dbcc0212f.__CR001464600_PT0_SX1464_V1___-18x7.jpg 18w, https:\/\/retailnetwork.shop\/wp-content\/uploads\/2026\/02\/8167161c-ef54-4b4b-a34a-769dbcc0212f.__CR001464600_PT0_SX1464_V1___-600x246.jpg 600w, https:\/\/retailnetwork.shop\/wp-content\/uploads\/2026\/02\/8167161c-ef54-4b4b-a34a-769dbcc0212f.__CR001464600_PT0_SX1464_V1___-1x1.jpg 1w, https:\/\/retailnetwork.shop\/wp-content\/uploads\/2026\/02\/8167161c-ef54-4b4b-a34a-769dbcc0212f.__CR001464600_PT0_SX1464_V1___-10x4.jpg 10w\" sizes=\"auto, (max-width: 1464px) 100vw, 1464px\" \/>\t\t\t\t\t\t\t\t\t\t\t\t\t\t\t<\/div>\n\t\t\t\t<\/div>\n\t\t\t\t<div class=\"elementor-element elementor-element-2f5598f2 elementor--h-position-center elementor--v-position-middle elementor-arrows-position-inside elementor-pagination-position-inside elementor-widget elementor-widget-slides\" data-id=\"2f5598f2\" data-element_type=\"widget\" data-settings=\"{&quot;navigation&quot;:&quot;both&quot;,&quot;autoplay&quot;:&quot;yes&quot;,&quot;pause_on_hover&quot;:&quot;yes&quot;,&quot;pause_on_interaction&quot;:&quot;yes&quot;,&quot;autoplay_speed&quot;:5000,&quot;infinite&quot;:&quot;yes&quot;,&quot;transition&quot;:&quot;slide&quot;,&quot;transition_speed&quot;:500,&quot;ekit_we_effect_on&quot;:&quot;none&quot;}\" data-widget_type=\"slides.default\">\n\t\t\t\t<div class=\"elementor-widget-container\">\n\t\t\t\t\t\t\t\t\t<div class=\"elementor-swiper\">\r\n\t\t\t\t\t<div class=\"elementor-slides-wrapper elementor-main-swiper swiper\" role=\"region\" aria-roledescription=\"carousel\" aria-label=\"Diapositivas\" dir=\"ltr\" data-animation=\"fadeInUp\">\r\n\t\t\t\t<div class=\"swiper-wrapper elementor-slides\">\r\n\t\t\t\t\t\t\t\t\t\t<div class=\"elementor-repeater-item-62bb64b swiper-slide\" role=\"group\" aria-roledescription=\"slide\"><div class=\"swiper-slide-bg\" role=\"img\" aria-label=\"0b873c24-fd40-47a7-aff4-6436b55aa021.__CR001464600_PT0_SX1464_V1___.jpg\"><\/div><div class=\"swiper-slide-inner\" ><div class=\"swiper-slide-contents\"><\/div><\/div><\/div><div class=\"elementor-repeater-item-2f8df47 swiper-slide\" role=\"group\" aria-roledescription=\"slide\"><div class=\"swiper-slide-bg\" role=\"img\" aria-label=\"3700cc55-34f7-4eaa-afe8-12dfa45ec574.__CR001464600_PT0_SX1464_V1___.jpg\"><\/div><div class=\"swiper-slide-inner\" ><div class=\"swiper-slide-contents\"><\/div><\/div><\/div><div class=\"elementor-repeater-item-af65cbc swiper-slide\" role=\"group\" aria-roledescription=\"slide\"><div class=\"swiper-slide-bg\" role=\"img\" aria-label=\"55e3639a-5b46-4939-9bc8-44c7f54b1286.__CR001464600_PT0_SX1464_V1___.jpg\"><\/div><div class=\"swiper-slide-inner\" ><div class=\"swiper-slide-contents\"><\/div><\/div><\/div>\t\t\t\t<\/div>\r\n\t\t\t\t\t\t\t\t\t\t\t\t\t\t\t<div class=\"elementor-swiper-button elementor-swiper-button-prev\" role=\"button\" tabindex=\"0\" aria-label=\"Diapositiva anterior\">\r\n\t\t\t\t\t\t\t<svg aria-hidden=\"true\" class=\"e-font-icon-svg e-eicon-chevron-left\" viewbox=\"0 0 1000 1000\" xmlns=\"http:\/\/www.w3.org\/2000\/svg\"><path d=\"M646 125C629 125 613 133 604 142L308 442C296 454 292 471 292 487 292 504 296 521 308 533L604 854C617 867 629 875 646 875 663 875 679 871 692 858 704 846 713 829 713 812 713 796 708 779 692 767L438 487 692 225C700 217 708 204 708 187 708 171 704 154 692 142 675 129 663 125 646 125Z\"><\/path><\/svg>\t\t\t\t\t\t<\/div>\r\n\t\t\t\t\t\t<div class=\"elementor-swiper-button elementor-swiper-button-next\" role=\"button\" tabindex=\"0\" aria-label=\"Siguiente diapositiva\">\r\n\t\t\t\t\t\t\t<svg aria-hidden=\"true\" class=\"e-font-icon-svg e-eicon-chevron-right\" viewbox=\"0 0 1000 1000\" xmlns=\"http:\/\/www.w3.org\/2000\/svg\"><path d=\"M696 533C708 521 713 504 713 487 713 471 708 454 696 446L400 146C388 133 375 125 354 125 338 125 325 129 313 142 300 154 292 171 292 187 292 204 296 221 308 233L563 492 304 771C292 783 288 800 288 817 288 833 296 850 308 863 321 871 338 875 354 875 371 875 388 867 400 854L696 533Z\"><\/path><\/svg>\t\t\t\t\t\t<\/div>\r\n\t\t\t\t\t\t\t\t\t\t\t\t\t\t\t\t<div class=\"swiper-pagination\"><\/div>\r\n\t\t\t\t\t\t\t\t\t\t\t\t<\/div>\r\n\t\t\t\t<\/div>\r\n\t\t\t\t\t\t\t\t<\/div>\n\t\t\t\t<\/div>\n\t\t\t\t<div class=\"elementor-element elementor-element-8b6f556 elementor-widget elementor-widget-image\" data-id=\"8b6f556\" data-element_type=\"widget\" data-settings=\"{&quot;ekit_we_effect_on&quot;:&quot;none&quot;}\" data-widget_type=\"image.default\">\n\t\t\t\t<div class=\"elementor-widget-container\">\n\t\t\t\t\t\t\t\t\t\t\t\t\t\t\t<img loading=\"lazy\" decoding=\"async\" width=\"1464\" height=\"600\" src=\"https:\/\/retailnetwork.shop\/wp-content\/uploads\/2026\/02\/b365341d-f72d-4fbe-8be2-acb87d99e44d.__CR001464600_PT0_SX1464_V1___.jpg\" class=\"attachment-full size-full wp-image-13321 wvs-archive-product-image\" alt=\"\" srcset=\"https:\/\/retailnetwork.shop\/wp-content\/uploads\/2026\/02\/b365341d-f72d-4fbe-8be2-acb87d99e44d.__CR001464600_PT0_SX1464_V1___.jpg 1464w, https:\/\/retailnetwork.shop\/wp-content\/uploads\/2026\/02\/b365341d-f72d-4fbe-8be2-acb87d99e44d.__CR001464600_PT0_SX1464_V1___-300x123.jpg 300w, https:\/\/retailnetwork.shop\/wp-content\/uploads\/2026\/02\/b365341d-f72d-4fbe-8be2-acb87d99e44d.__CR001464600_PT0_SX1464_V1___-1024x420.jpg 1024w, https:\/\/retailnetwork.shop\/wp-content\/uploads\/2026\/02\/b365341d-f72d-4fbe-8be2-acb87d99e44d.__CR001464600_PT0_SX1464_V1___-768x315.jpg 768w, https:\/\/retailnetwork.shop\/wp-content\/uploads\/2026\/02\/b365341d-f72d-4fbe-8be2-acb87d99e44d.__CR001464600_PT0_SX1464_V1___-18x7.jpg 18w, https:\/\/retailnetwork.shop\/wp-content\/uploads\/2026\/02\/b365341d-f72d-4fbe-8be2-acb87d99e44d.__CR001464600_PT0_SX1464_V1___-600x246.jpg 600w, https:\/\/retailnetwork.shop\/wp-content\/uploads\/2026\/02\/b365341d-f72d-4fbe-8be2-acb87d99e44d.__CR001464600_PT0_SX1464_V1___-1x1.jpg 1w, https:\/\/retailnetwork.shop\/wp-content\/uploads\/2026\/02\/b365341d-f72d-4fbe-8be2-acb87d99e44d.__CR001464600_PT0_SX1464_V1___-10x4.jpg 10w\" sizes=\"auto, (max-width: 1464px) 100vw, 1464px\" \/>\t\t\t\t\t\t\t\t\t\t\t\t\t\t\t<\/div>\n\t\t\t\t<\/div>\n\t\t\t\t<div class=\"elementor-element elementor-element-415ef30d elementor--h-position-center elementor--v-position-middle elementor-arrows-position-inside elementor-pagination-position-inside elementor-widget elementor-widget-slides\" data-id=\"415ef30d\" data-element_type=\"widget\" data-settings=\"{&quot;navigation&quot;:&quot;both&quot;,&quot;autoplay&quot;:&quot;yes&quot;,&quot;pause_on_hover&quot;:&quot;yes&quot;,&quot;pause_on_interaction&quot;:&quot;yes&quot;,&quot;autoplay_speed&quot;:5000,&quot;infinite&quot;:&quot;yes&quot;,&quot;transition&quot;:&quot;slide&quot;,&quot;transition_speed&quot;:500,&quot;ekit_we_effect_on&quot;:&quot;none&quot;}\" data-widget_type=\"slides.default\">\n\t\t\t\t<div class=\"elementor-widget-container\">\n\t\t\t\t\t\t\t\t\t<div class=\"elementor-swiper\">\r\n\t\t\t\t\t<div class=\"elementor-slides-wrapper elementor-main-swiper swiper\" role=\"region\" aria-roledescription=\"carousel\" aria-label=\"Diapositivas\" dir=\"ltr\" data-animation=\"fadeInUp\">\r\n\t\t\t\t<div class=\"swiper-wrapper elementor-slides\">\r\n\t\t\t\t\t\t\t\t\t\t<div class=\"elementor-repeater-item-e1678be swiper-slide\" role=\"group\" aria-roledescription=\"slide\"><div class=\"swiper-slide-bg\" role=\"img\" aria-label=\"9c7c2da6-ee0c-4a18-b293-f007ca8ee905.__CR001464600_PT0_SX1464_V1___.jpg\"><\/div><div class=\"swiper-slide-inner\" ><div class=\"swiper-slide-contents\"><\/div><\/div><\/div><div class=\"elementor-repeater-item-ea987b3 swiper-slide\" role=\"group\" aria-roledescription=\"slide\"><div class=\"swiper-slide-bg\" role=\"img\" aria-label=\"a0cf33e5-9ef3-411f-a553-5fda8dd87f14.__CR001464600_PT0_SX1464_V1___.jpg\"><\/div><div class=\"swiper-slide-inner\" ><div class=\"swiper-slide-contents\"><\/div><\/div><\/div><div class=\"elementor-repeater-item-f8e28be swiper-slide\" role=\"group\" aria-roledescription=\"slide\"><div class=\"swiper-slide-bg\" role=\"img\" aria-label=\"7281fcc1-ea8c-4b11-bd28-d70106c8e0f3.__CR001464600_PT0_SX1464_V1___.jpg\"><\/div><div class=\"swiper-slide-inner\" ><div class=\"swiper-slide-contents\"><\/div><\/div><\/div><div class=\"elementor-repeater-item-c312b98 swiper-slide\" role=\"group\" aria-roledescription=\"slide\"><div class=\"swiper-slide-bg\" role=\"img\" aria-label=\"3aec2f7b-103a-4047-aba9-58878250194b.__CR001464600_PT0_SX1464_V1___.jpg\"><\/div><div class=\"swiper-slide-inner\" ><div class=\"swiper-slide-contents\"><\/div><\/div><\/div>\t\t\t\t<\/div>\r\n\t\t\t\t\t\t\t\t\t\t\t\t\t\t\t<div class=\"elementor-swiper-button elementor-swiper-button-prev\" role=\"button\" tabindex=\"0\" aria-label=\"Diapositiva anterior\">\r\n\t\t\t\t\t\t\t<svg aria-hidden=\"true\" class=\"e-font-icon-svg e-eicon-chevron-left\" viewbox=\"0 0 1000 1000\" xmlns=\"http:\/\/www.w3.org\/2000\/svg\"><path d=\"M646 125C629 125 613 133 604 142L308 442C296 454 292 471 292 487 292 504 296 521 308 533L604 854C617 867 629 875 646 875 663 875 679 871 692 858 704 846 713 829 713 812 713 796 708 779 692 767L438 487 692 225C700 217 708 204 708 187 708 171 704 154 692 142 675 129 663 125 646 125Z\"><\/path><\/svg>\t\t\t\t\t\t<\/div>\r\n\t\t\t\t\t\t<div class=\"elementor-swiper-button elementor-swiper-button-next\" role=\"button\" tabindex=\"0\" aria-label=\"Siguiente diapositiva\">\r\n\t\t\t\t\t\t\t<svg aria-hidden=\"true\" class=\"e-font-icon-svg e-eicon-chevron-right\" viewbox=\"0 0 1000 1000\" xmlns=\"http:\/\/www.w3.org\/2000\/svg\"><path d=\"M696 533C708 521 713 504 713 487 713 471 708 454 696 446L400 146C388 133 375 125 354 125 338 125 325 129 313 142 300 154 292 171 292 187 292 204 296 221 308 233L563 492 304 771C292 783 288 800 288 817 288 833 296 850 308 863 321 871 338 875 354 875 371 875 388 867 400 854L696 533Z\"><\/path><\/svg>\t\t\t\t\t\t<\/div>\r\n\t\t\t\t\t\t\t\t\t\t\t\t\t\t\t\t<div class=\"swiper-pagination\"><\/div>\r\n\t\t\t\t\t\t\t\t\t\t\t\t<\/div>\r\n\t\t\t\t<\/div>\r\n\t\t\t\t\t\t\t\t<\/div>\n\t\t\t\t<\/div>\n\t\t\t\t<div class=\"elementor-element elementor-element-14eca859 elementor-widget elementor-widget-text-editor\" data-id=\"14eca859\" data-element_type=\"widget\" data-settings=\"{&quot;ekit_we_effect_on&quot;:&quot;none&quot;}\" data-widget_type=\"text-editor.default\">\n\t\t\t\t<div class=\"elementor-widget-container\">\n\t\t\t\t\t\t\t\t\t<!DOCTYPE html>\n<html>\n<head>\n    <style>\n        .spec-table {\n            width: 100%;\n            border-collapse: collapse;\n            font-family: Arial, sans-serif;\n            font-size: 14px;\n        }\n        .spec-table tr {\n            border-bottom: 1px solid #ddd;\n        }\n        .spec-table td {\n            padding: 12px 0;\n            text-align: left;\n            vertical-align: top;\n        }\n        .spec-table td:first-child {\n            font-weight: bold;\n            width: 45%;\n            color: #333;\n        }\n        .wireless-badge {\n            background-color: #e6f7ff;\n            border: 1px solid #91d5ff;\n            border-radius: 4px;\n            padding: 6px 12px;\n            font-weight: bold;\n            color: #096dd9;\n        }\n        .bluetooth-badge {\n            background-color: #f9f0ff;\n            border: 1px solid #d3adf7;\n            border-radius: 4px;\n            padding: 6px 12px;\n            font-weight: bold;\n            color: #531dab;\n        }\n        .components-list {\n            background-color: #f6ffed;\n            padding: 10px 15px;\n            border-radius: 4px;\n            border-left: 3px solid #52c41a;\n        }\n        .component-item {\n            margin-bottom: 5px;\n        }\n        .age-badge {\n            background-color: #fff7e6;\n            border: 1px solid #ffd591;\n            border-radius: 4px;\n            padding: 6px 12px;\n            font-weight: bold;\n            color: #d46b08;\n        }\n        .material-badge {\n            background-color: #f0f0f0;\n            border: 1px solid #d9d9d9;\n            border-radius: 4px;\n            padding: 6px 12px;\n            color: #595959;\n        }\n        .sport-badge {\n            background-color: #f0fff4;\n            border: 1px solid #c6f6d5;\n            border-radius: 4px;\n            padding: 6px 12px;\n            font-weight: bold;\n            color: #237804;\n        }\n        .charging-time {\n            background-color: #fff0f6;\n            border: 1px solid #ffadd2;\n            border-radius: 4px;\n            padding: 6px 12px;\n            font-weight: bold;\n            color: #c41d7f;\n        }\n        .uses-list {\n            display: flex;\n            flex-wrap: wrap;\n            gap: 8px;\n        }\n        .use-badge {\n            background-color: #f0f8ff;\n            border: 1px solid #adc6ff;\n            border-radius: 15px;\n            padding: 5px 12px;\n            font-size: 13px;\n            color: #1d39c4;\n        }\n    <\/style>\n<\/head>\n<body>\n    <table class=\"spec-table\">\n        <tr>\n            <td>Tecnolog\u00eda de conectividad<\/td>\n            <td><span class=\"wireless-badge\">Inal\u00e1mbrico<\/span><\/td>\n        <\/tr>\n        <tr>\n            <td>Tecnolog\u00eda de comunicaci\u00f3n inal\u00e1mbrica<\/td>\n            <td><span class=\"bluetooth-badge\">Bluetooth<\/span><\/td>\n        <\/tr>\n        <tr>\n            <td>Componentes incluidos<\/td>\n            <td>\n                <div class=\"components-list\">\n                    <div class=\"component-item\">Cable<\/div>\n                    <div class=\"component-item\">Estaci\u00f3n de carga<\/div>\n                    <div class=\"component-item\">Manual del usuario<\/div>\n                <\/div>\n            <\/td>\n        <\/tr>\n        <tr>\n            <td>Rango de edad (Descripci\u00f3n)<\/td>\n            <td><span class=\"age-badge\">Adultos<\/span><\/td>\n        <\/tr>\n        <tr>\n            <td>Material<\/td>\n            <td><span class=\"material-badge\">Pl\u00e1stico<\/span><\/td>\n        <\/tr>\n        <tr>\n            <td>Usos espec\u00edficos del producto<\/td>\n            <td><span class=\"sport-badge\">Deporte<\/span><\/td>\n        <\/tr>\n        <tr>\n            <td>Tiempo de carga<\/td>\n            <td><span class=\"charging-time\">1,5 horas<\/span><\/td>\n        <\/tr>\n        <tr>\n            <td>Usos recomendados del producto<\/td>\n            <td>\n                <div class=\"uses-list\">\n                    <span class=\"use-badge\">Llamando a<\/span>\n                    <span class=\"use-badge\">Ciclismo<\/span>\n                    <span class=\"use-badge\">Ejercicio<\/span>\n                    <span class=\"use-badge\">M\u00fasica<\/span>\n                    <span class=\"use-badge\">Ejecutar<\/span>\n                <\/div>\n            <\/td>\n        <\/tr>\n    <\/table>\n<\/body>\n<\/html>\t\t\t\t\t\t\t\t<\/div>\n\t\t\t\t<\/div>\n\t\t\t\t\t<\/div>\n\t\t\t\t<\/div>\n\t\t\t\t<\/div>","protected":false},"excerpt":{"rendered":"<p>Product description Connectivity Technology Wireless Wireless Communication Technology Bluetooth Included Components Cable Charging Station User Manual Age Range (Description) Adult&#8230;<\/p>","protected":false},"featured_media":13302,"comment_status":"open","ping_status":"closed","template":"","meta":{"_acf_changed":false},"etheme_brands":[],"product_brand":[],"product_cat":[118],"product_tag":[],"class_list":{"0":"post-13299","1":"product","2":"type-product","3":"status-publish","4":"has-post-thumbnail","6":"product_cat-sale-shop","8":"first","9":"instock","10":"sale","11":"shipping-taxable","12":"purchasable","13":"product-type-variable","14":"has-default-attributes","15":"wvs-archive-product-wrapper"},"acf":[],"_links":{"self":[{"href":"https:\/\/retailnetwork.shop\/es\/wp-json\/wp\/v2\/product\/13299","targetHints":{"allow":["GET"]}}],"collection":[{"href":"https:\/\/retailnetwork.shop\/es\/wp-json\/wp\/v2\/product"}],"about":[{"href":"https:\/\/retailnetwork.shop\/es\/wp-json\/wp\/v2\/types\/product"}],"replies":[{"embeddable":true,"href":"https:\/\/retailnetwork.shop\/es\/wp-json\/wp\/v2\/comments?post=13299"}],"version-history":[{"count":4,"href":"https:\/\/retailnetwork.shop\/es\/wp-json\/wp\/v2\/product\/13299\/revisions"}],"predecessor-version":[{"id":13333,"href":"https:\/\/retailnetwork.shop\/es\/wp-json\/wp\/v2\/product\/13299\/revisions\/13333"}],"wp:featuredmedia":[{"embeddable":true,"href":"https:\/\/retailnetwork.shop\/es\/wp-json\/wp\/v2\/media\/13302"}],"wp:attachment":[{"href":"https:\/\/retailnetwork.shop\/es\/wp-json\/wp\/v2\/media?parent=13299"}],"wp:term":[{"taxonomy":"brand","embeddable":true,"href":"https:\/\/retailnetwork.shop\/es\/wp-json\/wp\/v2\/etheme_brands?post=13299"},{"taxonomy":"product_brand","embeddable":true,"href":"https:\/\/retailnetwork.shop\/es\/wp-json\/wp\/v2\/product_brand?post=13299"},{"taxonomy":"product_cat","embeddable":true,"href":"https:\/\/retailnetwork.shop\/es\/wp-json\/wp\/v2\/product_cat?post=13299"},{"taxonomy":"product_tag","embeddable":true,"href":"https:\/\/retailnetwork.shop\/es\/wp-json\/wp\/v2\/product_tag?post=13299"}],"curies":[{"name":"wp","href":"https:\/\/api.w.org\/{rel}","templated":true}]}}